{"id":5213,"date":"2025-06-09T19:33:08","date_gmt":"2025-06-09T19:33:08","guid":{"rendered":"https:\/\/letempsjadisauction.com\/?post_type=product&#038;p=5213"},"modified":"2025-06-09T19:33:08","modified_gmt":"2025-06-09T19:33:08","slug":"64-val-saint-lambert-vase-kipling","status":"publish","type":"product","link":"https:\/\/letempsjadisauction.com\/nl\/veiling\/64-val-saint-lambert-vase-kipling\/","title":{"rendered":"64 Val Saint Lambert \u2013 Vase Kipling"},"content":{"rendered":"<p>Val Saint Lambert, vase mod\u00e8le  Kipling de couleur mauve, \u00e9poque art d\u00e9co, cristal taill\u00e9 \u00e0 la main, 20e si\u00e8cle, 30,5 cm, Signature \u00e0 la pastille. Trois \u00e9gregnures minimes<\/p>","protected":false},"excerpt":{"rendered":"<p>Val Saint Lambert \u2013 Vase Kipling<\/p>","protected":false},"featured_media":0,"template":"","meta":{"_acf_changed":false,"inline_featured_image":false},"online_sale":[55],"product_brand":[],"product_cat":[18],"product_tag":[],"class_list":{"0":"post-5213","1":"product","2":"type-product","3":"status-publish","5":"online_sale-juin-2025","6":"product_cat-non-classe","8":"first","9":"instock","10":"shipping-taxable","11":"purchasable","12":"product-type-auction"},"acf":[],"_links":{"self":[{"href":"https:\/\/letempsjadisauction.com\/nl\/wp-json\/wp\/v2\/product\/5213","targetHints":{"allow":["GET"]}}],"collection":[{"href":"https:\/\/letempsjadisauction.com\/nl\/wp-json\/wp\/v2\/product"}],"about":[{"href":"https:\/\/letempsjadisauction.com\/nl\/wp-json\/wp\/v2\/types\/product"}],"wp:attachment":[{"href":"https:\/\/letempsjadisauction.com\/nl\/wp-json\/wp\/v2\/media?parent=5213"}],"wp:term":[{"taxonomy":"online_sale","embeddable":true,"href":"https:\/\/letempsjadisauction.com\/nl\/wp-json\/wp\/v2\/online_sale?post=5213"},{"taxonomy":"product_brand","embeddable":true,"href":"https:\/\/letempsjadisauction.com\/nl\/wp-json\/wp\/v2\/product_brand?post=5213"},{"taxonomy":"product_cat","embeddable":true,"href":"https:\/\/letempsjadisauction.com\/nl\/wp-json\/wp\/v2\/product_cat?post=5213"},{"taxonomy":"product_tag","embeddable":true,"href":"https:\/\/letempsjadisauction.com\/nl\/wp-json\/wp\/v2\/product_tag?post=5213"}],"curies":[{"name":"wp","href":"https:\/\/api.w.org\/{rel}","templated":true}]}}