{"id":5214,"date":"2025-06-09T19:33:07","date_gmt":"2025-06-09T19:33:07","guid":{"rendered":"https:\/\/letempsjadisauction.com\/?post_type=product&#038;p=5214"},"modified":"2025-06-09T19:33:07","modified_gmt":"2025-06-09T19:33:07","slug":"65-val-saint-lambert-vase-jupiter","status":"publish","type":"product","link":"https:\/\/letempsjadisauction.com\/nl\/veiling\/65-val-saint-lambert-vase-jupiter\/","title":{"rendered":"65 Val Saint Lambert \u2013 Vase Jupiter"},"content":{"rendered":"<p>Val Saint Lambert, Grand vase balustre mod\u00e8le  Jupiter  de couleur prune,orn\u00e9 d&rsquo;une frise \u00e0 figures antiques repr\u00e9sentant la danse de Flore., cristal taill\u00e9 \u00e0 la main, or, 20e si\u00e8cle, 39,3 cm, Sign\u00e9 sous la pi\u00e8ce. \u00c9tat : un \u00e9clat sur un des coins<\/p>","protected":false},"excerpt":{"rendered":"<p>Val Saint Lambert \u2013 Vase Jupiter<\/p>","protected":false},"featured_media":0,"template":"","meta":{"_acf_changed":false,"inline_featured_image":false},"online_sale":[55],"product_brand":[],"product_cat":[18],"product_tag":[],"class_list":{"0":"post-5214","1":"product","2":"type-product","3":"status-publish","5":"online_sale-juin-2025","6":"product_cat-non-classe","8":"first","9":"instock","10":"shipping-taxable","11":"purchasable","12":"product-type-auction"},"acf":[],"_links":{"self":[{"href":"https:\/\/letempsjadisauction.com\/nl\/wp-json\/wp\/v2\/product\/5214","targetHints":{"allow":["GET"]}}],"collection":[{"href":"https:\/\/letempsjadisauction.com\/nl\/wp-json\/wp\/v2\/product"}],"about":[{"href":"https:\/\/letempsjadisauction.com\/nl\/wp-json\/wp\/v2\/types\/product"}],"wp:attachment":[{"href":"https:\/\/letempsjadisauction.com\/nl\/wp-json\/wp\/v2\/media?parent=5214"}],"wp:term":[{"taxonomy":"online_sale","embeddable":true,"href":"https:\/\/letempsjadisauction.com\/nl\/wp-json\/wp\/v2\/online_sale?post=5214"},{"taxonomy":"product_brand","embeddable":true,"href":"https:\/\/letempsjadisauction.com\/nl\/wp-json\/wp\/v2\/product_brand?post=5214"},{"taxonomy":"product_cat","embeddable":true,"href":"https:\/\/letempsjadisauction.com\/nl\/wp-json\/wp\/v2\/product_cat?post=5214"},{"taxonomy":"product_tag","embeddable":true,"href":"https:\/\/letempsjadisauction.com\/nl\/wp-json\/wp\/v2\/product_tag?post=5214"}],"curies":[{"name":"wp","href":"https:\/\/api.w.org\/{rel}","templated":true}]}}