{"id":5218,"date":"2025-06-09T19:33:06","date_gmt":"2025-06-09T19:33:06","guid":{"rendered":"https:\/\/letempsjadisauction.com\/?post_type=product&#038;p=5218"},"modified":"2025-06-09T19:33:06","modified_gmt":"2025-06-09T19:33:06","slug":"69-andre-delatte-vase-a-fleurs-epanouies","status":"publish","type":"product","link":"https:\/\/letempsjadisauction.com\/nl\/veiling\/69-andre-delatte-vase-a-fleurs-epanouies\/","title":{"rendered":"69 Andr\u00e9 Delatte \u2013 Vase \u00e0 fleurs \u00e9panouies"},"content":{"rendered":"<p>Andr\u00e9 Delatte (1887-1953), vase fusel\u00e9 \u00e0 col ouvert \u00e0 d\u00e9cor de fleurs \u00e9panouies et feuillages stylis\u00e9s, en d\u00e9grad\u00e9 de rose et pourpre, en verre multicouche, signature grav\u00e9e \u00e0 l\u2019acide \u00ab Delatte Nancy \u00bb, 20 cm<\/p>","protected":false},"excerpt":{"rendered":"<p>Andr\u00e9 Delatte \u2013 Vase \u00e0 fleurs \u00e9panouies<\/p>","protected":false},"featured_media":4680,"template":"","meta":{"_acf_changed":false,"inline_featured_image":false},"online_sale":[55],"product_brand":[],"product_cat":[18],"product_tag":[],"class_list":{"0":"post-5218","1":"product","2":"type-product","3":"status-publish","4":"has-post-thumbnail","6":"online_sale-juin-2025","7":"product_cat-non-classe","9":"first","10":"instock","11":"shipping-taxable","12":"purchasable","13":"product-type-auction"},"acf":[],"_links":{"self":[{"href":"https:\/\/letempsjadisauction.com\/nl\/wp-json\/wp\/v2\/product\/5218","targetHints":{"allow":["GET"]}}],"collection":[{"href":"https:\/\/letempsjadisauction.com\/nl\/wp-json\/wp\/v2\/product"}],"about":[{"href":"https:\/\/letempsjadisauction.com\/nl\/wp-json\/wp\/v2\/types\/product"}],"wp:featuredmedia":[{"embeddable":true,"href":"https:\/\/letempsjadisauction.com\/nl\/wp-json\/wp\/v2\/media\/4680"}],"wp:attachment":[{"href":"https:\/\/letempsjadisauction.com\/nl\/wp-json\/wp\/v2\/media?parent=5218"}],"wp:term":[{"taxonomy":"online_sale","embeddable":true,"href":"https:\/\/letempsjadisauction.com\/nl\/wp-json\/wp\/v2\/online_sale?post=5218"},{"taxonomy":"product_brand","embeddable":true,"href":"https:\/\/letempsjadisauction.com\/nl\/wp-json\/wp\/v2\/product_brand?post=5218"},{"taxonomy":"product_cat","embeddable":true,"href":"https:\/\/letempsjadisauction.com\/nl\/wp-json\/wp\/v2\/product_cat?post=5218"},{"taxonomy":"product_tag","embeddable":true,"href":"https:\/\/letempsjadisauction.com\/nl\/wp-json\/wp\/v2\/product_tag?post=5218"}],"curies":[{"name":"wp","href":"https:\/\/api.w.org\/{rel}","templated":true}]}}