{"id":5219,"date":"2025-06-09T19:33:05","date_gmt":"2025-06-09T19:33:05","guid":{"rendered":"https:\/\/letempsjadisauction.com\/?post_type=product&#038;p=5219"},"modified":"2025-06-25T10:18:04","modified_gmt":"2025-06-25T10:18:04","slug":"70-anonyme-paire-de-vases-art-nouveau-chardons","status":"publish","type":"product","link":"https:\/\/letempsjadisauction.com\/nl\/veiling\/70-anonyme-paire-de-vases-art-nouveau-chardons\/","title":{"rendered":"70 Anonyme \u2013 Paire de vases Art Nouveau (chardons)"},"content":{"rendered":"<p>Anonyme, paire de vases fusel\u00e9s Art Nouveau en verre satin\u00e9 \u00e0 d\u00e9cor polychrome \u00e9maill\u00e9 en relief repr\u00e9sentant un motif naturaliste de chardons, et feuillages stylis\u00e9s sur fond d\u00e9grad\u00e9 vert turquoise, fin 19e-d\u00e9but 20e si\u00e8cle, Epoque Art nouveau, 35 x 9 cm<\/p>","protected":false},"excerpt":{"rendered":"<p>Anonyme \u2013 Paire de vases Art Nouveau (chardons)<\/p>","protected":false},"featured_media":4686,"template":"","meta":{"_acf_changed":false,"inline_featured_image":false},"online_sale":[55],"product_brand":[],"product_cat":[18],"product_tag":[],"class_list":{"0":"post-5219","1":"product","2":"type-product","3":"status-publish","4":"has-post-thumbnail","6":"online_sale-juin-2025","7":"product_cat-non-classe","9":"first","10":"instock","11":"shipping-taxable","12":"purchasable","13":"product-type-auction"},"acf":[],"_links":{"self":[{"href":"https:\/\/letempsjadisauction.com\/nl\/wp-json\/wp\/v2\/product\/5219","targetHints":{"allow":["GET"]}}],"collection":[{"href":"https:\/\/letempsjadisauction.com\/nl\/wp-json\/wp\/v2\/product"}],"about":[{"href":"https:\/\/letempsjadisauction.com\/nl\/wp-json\/wp\/v2\/types\/product"}],"wp:featuredmedia":[{"embeddable":true,"href":"https:\/\/letempsjadisauction.com\/nl\/wp-json\/wp\/v2\/media\/4686"}],"wp:attachment":[{"href":"https:\/\/letempsjadisauction.com\/nl\/wp-json\/wp\/v2\/media?parent=5219"}],"wp:term":[{"taxonomy":"online_sale","embeddable":true,"href":"https:\/\/letempsjadisauction.com\/nl\/wp-json\/wp\/v2\/online_sale?post=5219"},{"taxonomy":"product_brand","embeddable":true,"href":"https:\/\/letempsjadisauction.com\/nl\/wp-json\/wp\/v2\/product_brand?post=5219"},{"taxonomy":"product_cat","embeddable":true,"href":"https:\/\/letempsjadisauction.com\/nl\/wp-json\/wp\/v2\/product_cat?post=5219"},{"taxonomy":"product_tag","embeddable":true,"href":"https:\/\/letempsjadisauction.com\/nl\/wp-json\/wp\/v2\/product_tag?post=5219"}],"curies":[{"name":"wp","href":"https:\/\/api.w.org\/{rel}","templated":true}]}}