{"id":5221,"date":"2025-06-09T19:33:06","date_gmt":"2025-06-09T19:33:06","guid":{"rendered":"https:\/\/letempsjadisauction.com\/?post_type=product&#038;p=5221"},"modified":"2025-06-09T19:33:06","modified_gmt":"2025-06-09T19:33:06","slug":"72-lalique-france-dix-figurines-de-poissons","status":"publish","type":"product","link":"https:\/\/letempsjadisauction.com\/nl\/veiling\/72-lalique-france-dix-figurines-de-poissons\/","title":{"rendered":"72 Lalique France \u2013 Dix figurines de poissons"},"content":{"rendered":"<p>Lalique France, ensemble de dix figurines de poissons (x10), cristal press\u00e9-moul\u00e9 de diff\u00e9rentes couleurs, satin\u00e9 et poli, 20e si\u00e8cle, 5,5 x 4,5 cm, Signatures Lalique France. <\/p>","protected":false},"excerpt":{"rendered":"<p>Lalique France \u2013 Dix figurines de poissons<\/p>","protected":false},"featured_media":4695,"template":"","meta":{"_acf_changed":false,"inline_featured_image":false},"online_sale":[55],"product_brand":[],"product_cat":[18],"product_tag":[],"class_list":{"0":"post-5221","1":"product","2":"type-product","3":"status-publish","4":"has-post-thumbnail","6":"online_sale-juin-2025","7":"product_cat-non-classe","9":"first","10":"instock","11":"shipping-taxable","12":"purchasable","13":"product-type-auction"},"acf":[],"_links":{"self":[{"href":"https:\/\/letempsjadisauction.com\/nl\/wp-json\/wp\/v2\/product\/5221","targetHints":{"allow":["GET"]}}],"collection":[{"href":"https:\/\/letempsjadisauction.com\/nl\/wp-json\/wp\/v2\/product"}],"about":[{"href":"https:\/\/letempsjadisauction.com\/nl\/wp-json\/wp\/v2\/types\/product"}],"wp:featuredmedia":[{"embeddable":true,"href":"https:\/\/letempsjadisauction.com\/nl\/wp-json\/wp\/v2\/media\/4695"}],"wp:attachment":[{"href":"https:\/\/letempsjadisauction.com\/nl\/wp-json\/wp\/v2\/media?parent=5221"}],"wp:term":[{"taxonomy":"online_sale","embeddable":true,"href":"https:\/\/letempsjadisauction.com\/nl\/wp-json\/wp\/v2\/online_sale?post=5221"},{"taxonomy":"product_brand","embeddable":true,"href":"https:\/\/letempsjadisauction.com\/nl\/wp-json\/wp\/v2\/product_brand?post=5221"},{"taxonomy":"product_cat","embeddable":true,"href":"https:\/\/letempsjadisauction.com\/nl\/wp-json\/wp\/v2\/product_cat?post=5221"},{"taxonomy":"product_tag","embeddable":true,"href":"https:\/\/letempsjadisauction.com\/nl\/wp-json\/wp\/v2\/product_tag?post=5221"}],"curies":[{"name":"wp","href":"https:\/\/api.w.org\/{rel}","templated":true}]}}