{"id":5224,"date":"2025-06-09T19:31:42","date_gmt":"2025-06-09T19:31:42","guid":{"rendered":"https:\/\/letempsjadisauction.com\/?post_type=product&#038;p=5224"},"modified":"2025-06-25T10:28:05","modified_gmt":"2025-06-25T10:28:05","slug":"75-keramis-boch-freres-boite-a-decor-de-danseuse-nue","status":"publish","type":"product","link":"https:\/\/letempsjadisauction.com\/nl\/veiling\/75-keramis-boch-freres-boite-a-decor-de-danseuse-nue\/","title":{"rendered":"75 Charles Catteau, Keramis, Boch Fr\u00e8res \u2013 Bo\u00eete \u00e0 d\u00e9cor de danseuse nue"},"content":{"rendered":"<p>Charles Catteau (1880-1966), Keramis, Boch Fr\u00e8res, boite \u00e0 d\u00e9cor stylis\u00e9 dor\u00e9 d&rsquo;une danseuse nue (Jos\u00e9phine Baker), faience \u00e9maill\u00e9e cr\u00e8me, vers 1938, p\u00e9riode Art d\u00e9co, 9,5 x 13,5 x 4, num\u00e9ro de mod\u00e8le D. 2329<\/p>","protected":false},"excerpt":{"rendered":"<p>Keramis, Boch Fr\u00e8res \u2013 Bo\u00eete \u00e0 d\u00e9cor de danseuse nue<\/p>","protected":false},"featured_media":4707,"template":"","meta":{"_acf_changed":false,"inline_featured_image":false},"online_sale":[55],"product_brand":[],"product_cat":[18],"product_tag":[],"class_list":{"0":"post-5224","1":"product","2":"type-product","3":"status-publish","4":"has-post-thumbnail","6":"online_sale-juin-2025","7":"product_cat-non-classe","9":"first","10":"instock","11":"shipping-taxable","12":"purchasable","13":"product-type-auction"},"acf":[],"_links":{"self":[{"href":"https:\/\/letempsjadisauction.com\/nl\/wp-json\/wp\/v2\/product\/5224","targetHints":{"allow":["GET"]}}],"collection":[{"href":"https:\/\/letempsjadisauction.com\/nl\/wp-json\/wp\/v2\/product"}],"about":[{"href":"https:\/\/letempsjadisauction.com\/nl\/wp-json\/wp\/v2\/types\/product"}],"wp:featuredmedia":[{"embeddable":true,"href":"https:\/\/letempsjadisauction.com\/nl\/wp-json\/wp\/v2\/media\/4707"}],"wp:attachment":[{"href":"https:\/\/letempsjadisauction.com\/nl\/wp-json\/wp\/v2\/media?parent=5224"}],"wp:term":[{"taxonomy":"online_sale","embeddable":true,"href":"https:\/\/letempsjadisauction.com\/nl\/wp-json\/wp\/v2\/online_sale?post=5224"},{"taxonomy":"product_brand","embeddable":true,"href":"https:\/\/letempsjadisauction.com\/nl\/wp-json\/wp\/v2\/product_brand?post=5224"},{"taxonomy":"product_cat","embeddable":true,"href":"https:\/\/letempsjadisauction.com\/nl\/wp-json\/wp\/v2\/product_cat?post=5224"},{"taxonomy":"product_tag","embeddable":true,"href":"https:\/\/letempsjadisauction.com\/nl\/wp-json\/wp\/v2\/product_tag?post=5224"}],"curies":[{"name":"wp","href":"https:\/\/api.w.org\/{rel}","templated":true}]}}