{"id":5225,"date":"2025-06-09T19:31:41","date_gmt":"2025-06-09T19:31:41","guid":{"rendered":"https:\/\/letempsjadisauction.com\/?post_type=product&#038;p=5225"},"modified":"2025-06-09T19:31:41","modified_gmt":"2025-06-09T19:31:41","slug":"76-anonyme-grand-vase-en-verre-satine-fleurs-stylisees","status":"publish","type":"product","link":"https:\/\/letempsjadisauction.com\/nl\/veiling\/76-anonyme-grand-vase-en-verre-satine-fleurs-stylisees\/","title":{"rendered":"76 Anonyme \u2013 Grand vase en verre satin\u00e9 (fleurs stylis\u00e9es)"},"content":{"rendered":"<p>Anonyme, grand vase en verre satin\u00e9 \u00e0 d\u00e9cor stylis\u00e9 de fleurs, 20e, p\u00e9riode Art d\u00e9co, 30 x 23 cm, <\/p>","protected":false},"excerpt":{"rendered":"<p>Anonyme \u2013 Grand vase en verre satin\u00e9 (fleurs stylis\u00e9es)<\/p>","protected":false},"featured_media":4711,"template":"","meta":{"_acf_changed":false,"inline_featured_image":false},"online_sale":[55],"product_brand":[],"product_cat":[18],"product_tag":[],"class_list":{"0":"post-5225","1":"product","2":"type-product","3":"status-publish","4":"has-post-thumbnail","6":"online_sale-juin-2025","7":"product_cat-non-classe","9":"first","10":"instock","11":"shipping-taxable","12":"purchasable","13":"product-type-auction"},"acf":[],"_links":{"self":[{"href":"https:\/\/letempsjadisauction.com\/nl\/wp-json\/wp\/v2\/product\/5225","targetHints":{"allow":["GET"]}}],"collection":[{"href":"https:\/\/letempsjadisauction.com\/nl\/wp-json\/wp\/v2\/product"}],"about":[{"href":"https:\/\/letempsjadisauction.com\/nl\/wp-json\/wp\/v2\/types\/product"}],"wp:featuredmedia":[{"embeddable":true,"href":"https:\/\/letempsjadisauction.com\/nl\/wp-json\/wp\/v2\/media\/4711"}],"wp:attachment":[{"href":"https:\/\/letempsjadisauction.com\/nl\/wp-json\/wp\/v2\/media?parent=5225"}],"wp:term":[{"taxonomy":"online_sale","embeddable":true,"href":"https:\/\/letempsjadisauction.com\/nl\/wp-json\/wp\/v2\/online_sale?post=5225"},{"taxonomy":"product_brand","embeddable":true,"href":"https:\/\/letempsjadisauction.com\/nl\/wp-json\/wp\/v2\/product_brand?post=5225"},{"taxonomy":"product_cat","embeddable":true,"href":"https:\/\/letempsjadisauction.com\/nl\/wp-json\/wp\/v2\/product_cat?post=5225"},{"taxonomy":"product_tag","embeddable":true,"href":"https:\/\/letempsjadisauction.com\/nl\/wp-json\/wp\/v2\/product_tag?post=5225"}],"curies":[{"name":"wp","href":"https:\/\/api.w.org\/{rel}","templated":true}]}}