{"id":5226,"date":"2025-06-09T19:31:42","date_gmt":"2025-06-09T19:31:42","guid":{"rendered":"https:\/\/letempsjadisauction.com\/?post_type=product&#038;p=5226"},"modified":"2025-06-09T19:31:42","modified_gmt":"2025-06-09T19:31:42","slug":"77-anonyme-paire-de-girandoles-a-deux-bras","status":"publish","type":"product","link":"https:\/\/letempsjadisauction.com\/nl\/veiling\/77-anonyme-paire-de-girandoles-a-deux-bras\/","title":{"rendered":"77 Anonyme \u2013 Paire de girandoles \u00e0 deux bras"},"content":{"rendered":"<p>Paire de girandoles \u00e0 deux bras de lumi\u00e8re, d\u00e9cor de volutes, f\u00fbt central cannel\u00e9 en verre moul\u00e9, bronze, pampilles de cristal taill\u00e9, de style Louis XVI, fin 19e-d\u00e9but 20e si\u00e8cle, 51 x 30 cm<\/p>","protected":false},"excerpt":{"rendered":"<p>Anonyme \u2013 Paire de girandoles \u00e0 deux bras<\/p>","protected":false},"featured_media":4715,"template":"","meta":{"_acf_changed":false,"inline_featured_image":false},"online_sale":[55],"product_brand":[],"product_cat":[18],"product_tag":[],"class_list":{"0":"post-5226","1":"product","2":"type-product","3":"status-publish","4":"has-post-thumbnail","6":"online_sale-juin-2025","7":"product_cat-non-classe","9":"first","10":"instock","11":"shipping-taxable","12":"purchasable","13":"product-type-auction"},"acf":[],"_links":{"self":[{"href":"https:\/\/letempsjadisauction.com\/nl\/wp-json\/wp\/v2\/product\/5226","targetHints":{"allow":["GET"]}}],"collection":[{"href":"https:\/\/letempsjadisauction.com\/nl\/wp-json\/wp\/v2\/product"}],"about":[{"href":"https:\/\/letempsjadisauction.com\/nl\/wp-json\/wp\/v2\/types\/product"}],"wp:featuredmedia":[{"embeddable":true,"href":"https:\/\/letempsjadisauction.com\/nl\/wp-json\/wp\/v2\/media\/4715"}],"wp:attachment":[{"href":"https:\/\/letempsjadisauction.com\/nl\/wp-json\/wp\/v2\/media?parent=5226"}],"wp:term":[{"taxonomy":"online_sale","embeddable":true,"href":"https:\/\/letempsjadisauction.com\/nl\/wp-json\/wp\/v2\/online_sale?post=5226"},{"taxonomy":"product_brand","embeddable":true,"href":"https:\/\/letempsjadisauction.com\/nl\/wp-json\/wp\/v2\/product_brand?post=5226"},{"taxonomy":"product_cat","embeddable":true,"href":"https:\/\/letempsjadisauction.com\/nl\/wp-json\/wp\/v2\/product_cat?post=5226"},{"taxonomy":"product_tag","embeddable":true,"href":"https:\/\/letempsjadisauction.com\/nl\/wp-json\/wp\/v2\/product_tag?post=5226"}],"curies":[{"name":"wp","href":"https:\/\/api.w.org\/{rel}","templated":true}]}}