{"id":5227,"date":"2025-06-09T19:31:41","date_gmt":"2025-06-09T19:31:41","guid":{"rendered":"https:\/\/letempsjadisauction.com\/?post_type=product&#038;p=5227"},"modified":"2025-06-25T10:34:01","modified_gmt":"2025-06-25T10:34:01","slug":"78-anonyme-vase-a-decor-geometrique-opaline","status":"publish","type":"product","link":"https:\/\/letempsjadisauction.com\/nl\/veiling\/78-anonyme-vase-a-decor-geometrique-opaline\/","title":{"rendered":"78 entourage de Paul Bernard\/Gobena, Scailmont ? \u2013 Vase \u00e0 d\u00e9cor g\u00e9om\u00e9trique, opaline"},"content":{"rendered":"<p>Entourage de Paul Bernard\/Gobena, vase \u00e0 d\u00e9cor g\u00e9om\u00e9trique polychrome, opaline \u00e9maill\u00e9e, 20e si\u00e8cle, p\u00e9riode Art d\u00e9co vers 1930, Marquage manuscrit sous la base D 11 SCAI (?) num\u00e9ro d&rsquo;inventaire au crayon : 2850 qui peut laisser sugg\u00e9rer un vase prototype, 28,5 cm<\/p>","protected":false},"excerpt":{"rendered":"<p>Entourage de Paul Bernard\/Gobena, Scailmont ? \u2013 Vase \u00e0 d\u00e9cor g\u00e9om\u00e9trique, opaline<\/p>","protected":false},"featured_media":4718,"template":"","meta":{"_acf_changed":false,"inline_featured_image":false},"online_sale":[55],"product_brand":[],"product_cat":[18],"product_tag":[],"class_list":{"0":"post-5227","1":"product","2":"type-product","3":"status-publish","4":"has-post-thumbnail","6":"online_sale-juin-2025","7":"product_cat-non-classe","9":"first","10":"instock","11":"shipping-taxable","12":"purchasable","13":"product-type-auction"},"acf":[],"_links":{"self":[{"href":"https:\/\/letempsjadisauction.com\/nl\/wp-json\/wp\/v2\/product\/5227","targetHints":{"allow":["GET"]}}],"collection":[{"href":"https:\/\/letempsjadisauction.com\/nl\/wp-json\/wp\/v2\/product"}],"about":[{"href":"https:\/\/letempsjadisauction.com\/nl\/wp-json\/wp\/v2\/types\/product"}],"wp:featuredmedia":[{"embeddable":true,"href":"https:\/\/letempsjadisauction.com\/nl\/wp-json\/wp\/v2\/media\/4718"}],"wp:attachment":[{"href":"https:\/\/letempsjadisauction.com\/nl\/wp-json\/wp\/v2\/media?parent=5227"}],"wp:term":[{"taxonomy":"online_sale","embeddable":true,"href":"https:\/\/letempsjadisauction.com\/nl\/wp-json\/wp\/v2\/online_sale?post=5227"},{"taxonomy":"product_brand","embeddable":true,"href":"https:\/\/letempsjadisauction.com\/nl\/wp-json\/wp\/v2\/product_brand?post=5227"},{"taxonomy":"product_cat","embeddable":true,"href":"https:\/\/letempsjadisauction.com\/nl\/wp-json\/wp\/v2\/product_cat?post=5227"},{"taxonomy":"product_tag","embeddable":true,"href":"https:\/\/letempsjadisauction.com\/nl\/wp-json\/wp\/v2\/product_tag?post=5227"}],"curies":[{"name":"wp","href":"https:\/\/api.w.org\/{rel}","templated":true}]}}