{"id":5229,"date":"2025-06-09T19:31:42","date_gmt":"2025-06-09T19:31:42","guid":{"rendered":"https:\/\/letempsjadisauction.com\/?post_type=product&#038;p=5229"},"modified":"2025-08-21T09:22:17","modified_gmt":"2025-08-21T09:22:17","slug":"80-chine-vase-balustre-cloisonne","status":"publish","type":"product","link":"https:\/\/letempsjadisauction.com\/nl\/veiling\/80-chine-vase-balustre-cloisonne\/","title":{"rendered":"80 Chine \u2013 Vase balustre cloisonn\u00e9"},"content":{"rendered":"<p>Chine, vase de forme balustre orn\u00e9 de deux registres de d\u00e9cors \u00e0 motifs stylis\u00e9s, bronze \u00e9maill\u00e9 cloisonn\u00e9, fin 19e-d\u00e9but 20e  si\u00e8cle, dynastie Qing, 29 x 21 cm<\/p>","protected":false},"excerpt":{"rendered":"<p>Chine \u2013 Vase balustre cloisonn\u00e9<\/p>","protected":false},"featured_media":4729,"template":"","meta":{"_acf_changed":false,"inline_featured_image":false},"online_sale":[55],"product_brand":[],"product_cat":[18],"product_tag":[],"class_list":{"0":"post-5229","1":"product","2":"type-product","3":"status-publish","4":"has-post-thumbnail","6":"online_sale-juin-2025","7":"product_cat-non-classe","9":"first","10":"instock","11":"shipping-taxable","12":"purchasable","13":"product-type-auction"},"acf":[],"_links":{"self":[{"href":"https:\/\/letempsjadisauction.com\/nl\/wp-json\/wp\/v2\/product\/5229","targetHints":{"allow":["GET"]}}],"collection":[{"href":"https:\/\/letempsjadisauction.com\/nl\/wp-json\/wp\/v2\/product"}],"about":[{"href":"https:\/\/letempsjadisauction.com\/nl\/wp-json\/wp\/v2\/types\/product"}],"wp:featuredmedia":[{"embeddable":true,"href":"https:\/\/letempsjadisauction.com\/nl\/wp-json\/wp\/v2\/media\/4729"}],"wp:attachment":[{"href":"https:\/\/letempsjadisauction.com\/nl\/wp-json\/wp\/v2\/media?parent=5229"}],"wp:term":[{"taxonomy":"online_sale","embeddable":true,"href":"https:\/\/letempsjadisauction.com\/nl\/wp-json\/wp\/v2\/online_sale?post=5229"},{"taxonomy":"product_brand","embeddable":true,"href":"https:\/\/letempsjadisauction.com\/nl\/wp-json\/wp\/v2\/product_brand?post=5229"},{"taxonomy":"product_cat","embeddable":true,"href":"https:\/\/letempsjadisauction.com\/nl\/wp-json\/wp\/v2\/product_cat?post=5229"},{"taxonomy":"product_tag","embeddable":true,"href":"https:\/\/letempsjadisauction.com\/nl\/wp-json\/wp\/v2\/product_tag?post=5229"}],"curies":[{"name":"wp","href":"https:\/\/api.w.org\/{rel}","templated":true}]}}