{"id":5234,"date":"2025-06-09T19:31:40","date_gmt":"2025-06-09T19:31:40","guid":{"rendered":"https:\/\/letempsjadisauction.com\/?post_type=product&#038;p=5234"},"modified":"2025-06-25T10:48:38","modified_gmt":"2025-06-25T10:48:38","slug":"85-japon-grande-sculpture-daigle","status":"publish","type":"product","link":"https:\/\/letempsjadisauction.com\/nl\/veiling\/85-japon-grande-sculpture-daigle\/","title":{"rendered":"85 Japon \u2013 Grande sculpture d\u2019aigle"},"content":{"rendered":"<p>Japon, grande sculpture repr\u00e9sentant un aigle aux ailes d\u00e9ploy\u00e9es perch\u00e9 sur un rocher, bronze patin\u00e9 brun-noir sur une base en bois, 19e si\u00e8cle, p\u00e9riode Meiji, 55 x 39 cm socle inclus.<\/p>","protected":false},"excerpt":{"rendered":"<p>Japon \u2013 Grande sculpture d\u2019aigle<\/p>","protected":false},"featured_media":4754,"template":"","meta":{"_acf_changed":false,"inline_featured_image":false},"online_sale":[55],"product_brand":[],"product_cat":[18],"product_tag":[],"class_list":{"0":"post-5234","1":"product","2":"type-product","3":"status-publish","4":"has-post-thumbnail","6":"online_sale-juin-2025","7":"product_cat-non-classe","9":"first","10":"instock","11":"shipping-taxable","12":"purchasable","13":"product-type-auction"},"acf":[],"_links":{"self":[{"href":"https:\/\/letempsjadisauction.com\/nl\/wp-json\/wp\/v2\/product\/5234","targetHints":{"allow":["GET"]}}],"collection":[{"href":"https:\/\/letempsjadisauction.com\/nl\/wp-json\/wp\/v2\/product"}],"about":[{"href":"https:\/\/letempsjadisauction.com\/nl\/wp-json\/wp\/v2\/types\/product"}],"wp:featuredmedia":[{"embeddable":true,"href":"https:\/\/letempsjadisauction.com\/nl\/wp-json\/wp\/v2\/media\/4754"}],"wp:attachment":[{"href":"https:\/\/letempsjadisauction.com\/nl\/wp-json\/wp\/v2\/media?parent=5234"}],"wp:term":[{"taxonomy":"online_sale","embeddable":true,"href":"https:\/\/letempsjadisauction.com\/nl\/wp-json\/wp\/v2\/online_sale?post=5234"},{"taxonomy":"product_brand","embeddable":true,"href":"https:\/\/letempsjadisauction.com\/nl\/wp-json\/wp\/v2\/product_brand?post=5234"},{"taxonomy":"product_cat","embeddable":true,"href":"https:\/\/letempsjadisauction.com\/nl\/wp-json\/wp\/v2\/product_cat?post=5234"},{"taxonomy":"product_tag","embeddable":true,"href":"https:\/\/letempsjadisauction.com\/nl\/wp-json\/wp\/v2\/product_tag?post=5234"}],"curies":[{"name":"wp","href":"https:\/\/api.w.org\/{rel}","templated":true}]}}