{"id":5235,"date":"2025-06-09T19:31:40","date_gmt":"2025-06-09T19:31:40","guid":{"rendered":"https:\/\/letempsjadisauction.com\/?post_type=product&#038;p=5235"},"modified":"2025-08-21T09:22:41","modified_gmt":"2025-08-21T09:22:41","slug":"86-chine-grand-fishbowl-famille-rose","status":"publish","type":"product","link":"https:\/\/letempsjadisauction.com\/nl\/veiling\/86-chine-grand-fishbowl-famille-rose\/","title":{"rendered":"86 Chine \u2013 Grand fishbowl"},"content":{"rendered":"<p>Chine, Grand fishbowl ou aquarium \u00e0 d\u00e9cor de trois \u00e9l\u00e9gantes dans un jardin. Inscription calligraphi\u00e9e au revers et d\u00e9cors de poissons dans le bassin, porcelaine peinte \u00e0 la main, 20e si\u00e8cle, r\u00e9publique de chine, 23,5 cm<\/p>","protected":false},"excerpt":{"rendered":"<p>Chine \u2013 Grand fishbowl<\/p>","protected":false},"featured_media":4761,"template":"","meta":{"_acf_changed":false,"inline_featured_image":false},"online_sale":[55],"product_brand":[],"product_cat":[18],"product_tag":[],"class_list":{"0":"post-5235","1":"product","2":"type-product","3":"status-publish","4":"has-post-thumbnail","6":"online_sale-juin-2025","7":"product_cat-non-classe","9":"first","10":"instock","11":"shipping-taxable","12":"purchasable","13":"product-type-auction"},"acf":[],"_links":{"self":[{"href":"https:\/\/letempsjadisauction.com\/nl\/wp-json\/wp\/v2\/product\/5235","targetHints":{"allow":["GET"]}}],"collection":[{"href":"https:\/\/letempsjadisauction.com\/nl\/wp-json\/wp\/v2\/product"}],"about":[{"href":"https:\/\/letempsjadisauction.com\/nl\/wp-json\/wp\/v2\/types\/product"}],"wp:featuredmedia":[{"embeddable":true,"href":"https:\/\/letempsjadisauction.com\/nl\/wp-json\/wp\/v2\/media\/4761"}],"wp:attachment":[{"href":"https:\/\/letempsjadisauction.com\/nl\/wp-json\/wp\/v2\/media?parent=5235"}],"wp:term":[{"taxonomy":"online_sale","embeddable":true,"href":"https:\/\/letempsjadisauction.com\/nl\/wp-json\/wp\/v2\/online_sale?post=5235"},{"taxonomy":"product_brand","embeddable":true,"href":"https:\/\/letempsjadisauction.com\/nl\/wp-json\/wp\/v2\/product_brand?post=5235"},{"taxonomy":"product_cat","embeddable":true,"href":"https:\/\/letempsjadisauction.com\/nl\/wp-json\/wp\/v2\/product_cat?post=5235"},{"taxonomy":"product_tag","embeddable":true,"href":"https:\/\/letempsjadisauction.com\/nl\/wp-json\/wp\/v2\/product_tag?post=5235"}],"curies":[{"name":"wp","href":"https:\/\/api.w.org\/{rel}","templated":true}]}}