{"id":5244,"date":"2025-06-09T19:30:57","date_gmt":"2025-06-09T19:30:57","guid":{"rendered":"https:\/\/letempsjadisauction.com\/?post_type=product&#038;p=5244"},"modified":"2025-06-25T07:47:10","modified_gmt":"2025-06-25T07:47:10","slug":"95-republique-democratique-du-congo-tapis-kasai-x5","status":"publish","type":"product","link":"https:\/\/letempsjadisauction.com\/nl\/veiling\/95-republique-democratique-du-congo-tapis-kasai-x5\/","title":{"rendered":"95 R\u00e9publique D\u00e9mocratique du Congo \u2013 Tapis Kasai (x5)"},"content":{"rendered":"<p>Republique d\u00e9mocratique du Congo, ensemble de cinq tapis kasai, tissages et broderies sur fibre v\u00e9g\u00e9tales, 20e si\u00e8cle, 150 x 76 cm, 70 x 70 cm, 79 x 70 cm, 80 x 74 cm<\/p>","protected":false},"excerpt":{"rendered":"<p>R\u00e9publique D\u00e9mocratique du Congo \u2013 Tapis Kasai (x5)<\/p>","protected":false},"featured_media":4794,"template":"","meta":{"_acf_changed":false,"inline_featured_image":false},"online_sale":[55],"product_brand":[],"product_cat":[18],"product_tag":[],"class_list":{"0":"post-5244","1":"product","2":"type-product","3":"status-publish","4":"has-post-thumbnail","6":"online_sale-juin-2025","7":"product_cat-non-classe","9":"first","10":"instock","11":"shipping-taxable","12":"purchasable","13":"product-type-auction"},"acf":[],"_links":{"self":[{"href":"https:\/\/letempsjadisauction.com\/nl\/wp-json\/wp\/v2\/product\/5244","targetHints":{"allow":["GET"]}}],"collection":[{"href":"https:\/\/letempsjadisauction.com\/nl\/wp-json\/wp\/v2\/product"}],"about":[{"href":"https:\/\/letempsjadisauction.com\/nl\/wp-json\/wp\/v2\/types\/product"}],"wp:featuredmedia":[{"embeddable":true,"href":"https:\/\/letempsjadisauction.com\/nl\/wp-json\/wp\/v2\/media\/4794"}],"wp:attachment":[{"href":"https:\/\/letempsjadisauction.com\/nl\/wp-json\/wp\/v2\/media?parent=5244"}],"wp:term":[{"taxonomy":"online_sale","embeddable":true,"href":"https:\/\/letempsjadisauction.com\/nl\/wp-json\/wp\/v2\/online_sale?post=5244"},{"taxonomy":"product_brand","embeddable":true,"href":"https:\/\/letempsjadisauction.com\/nl\/wp-json\/wp\/v2\/product_brand?post=5244"},{"taxonomy":"product_cat","embeddable":true,"href":"https:\/\/letempsjadisauction.com\/nl\/wp-json\/wp\/v2\/product_cat?post=5244"},{"taxonomy":"product_tag","embeddable":true,"href":"https:\/\/letempsjadisauction.com\/nl\/wp-json\/wp\/v2\/product_tag?post=5244"}],"curies":[{"name":"wp","href":"https:\/\/api.w.org\/{rel}","templated":true}]}}