{"id":5249,"date":"2025-06-09T19:30:58","date_gmt":"2025-06-09T19:30:58","guid":{"rendered":"https:\/\/letempsjadisauction.com\/?post_type=product&#038;p=5249"},"modified":"2025-06-25T11:18:03","modified_gmt":"2025-06-25T11:18:03","slug":"100-republique-democratique-du-congo-statue-luba-ou-hemba","status":"publish","type":"product","link":"https:\/\/letempsjadisauction.com\/nl\/veiling\/100-republique-democratique-du-congo-statue-luba-ou-hemba\/","title":{"rendered":"100 R\u00e9publique D\u00e9mocratique du Congo \u2013 Songye, nkisi"},"content":{"rendered":"<div class=\"description\">R\u00e9publique d\u00e9mocratique du Congo, Songye,\u00a0<em data-start=\"266\" data-end=\"273\">nkisi<\/em>\u00a0, statue\u00a0 assise, bois sculpt\u00e9, fibres v\u00e9g\u00e9tales, d\u00e9but du 20e si\u00e8cle, 37 x 15 cm<\/div>\n<div class=\"more-infos\">\n<div class=\"single-info\"><\/div>\n<\/div>","protected":false},"excerpt":{"rendered":"<p>R\u00e9publique D\u00e9mocratique du Congo \u2013 Statue Luba ou Hemba ?<\/p>","protected":false},"featured_media":4807,"template":"","meta":{"_acf_changed":false,"inline_featured_image":false},"online_sale":[55],"product_brand":[],"product_cat":[18],"product_tag":[],"class_list":{"0":"post-5249","1":"product","2":"type-product","3":"status-publish","4":"has-post-thumbnail","6":"online_sale-juin-2025","7":"product_cat-non-classe","9":"first","10":"instock","11":"shipping-taxable","12":"purchasable","13":"product-type-auction"},"acf":[],"_links":{"self":[{"href":"https:\/\/letempsjadisauction.com\/nl\/wp-json\/wp\/v2\/product\/5249","targetHints":{"allow":["GET"]}}],"collection":[{"href":"https:\/\/letempsjadisauction.com\/nl\/wp-json\/wp\/v2\/product"}],"about":[{"href":"https:\/\/letempsjadisauction.com\/nl\/wp-json\/wp\/v2\/types\/product"}],"wp:featuredmedia":[{"embeddable":true,"href":"https:\/\/letempsjadisauction.com\/nl\/wp-json\/wp\/v2\/media\/4807"}],"wp:attachment":[{"href":"https:\/\/letempsjadisauction.com\/nl\/wp-json\/wp\/v2\/media?parent=5249"}],"wp:term":[{"taxonomy":"online_sale","embeddable":true,"href":"https:\/\/letempsjadisauction.com\/nl\/wp-json\/wp\/v2\/online_sale?post=5249"},{"taxonomy":"product_brand","embeddable":true,"href":"https:\/\/letempsjadisauction.com\/nl\/wp-json\/wp\/v2\/product_brand?post=5249"},{"taxonomy":"product_cat","embeddable":true,"href":"https:\/\/letempsjadisauction.com\/nl\/wp-json\/wp\/v2\/product_cat?post=5249"},{"taxonomy":"product_tag","embeddable":true,"href":"https:\/\/letempsjadisauction.com\/nl\/wp-json\/wp\/v2\/product_tag?post=5249"}],"curies":[{"name":"wp","href":"https:\/\/api.w.org\/{rel}","templated":true}]}}