{"id":5257,"date":"2025-06-09T19:30:55","date_gmt":"2025-06-09T19:30:55","guid":{"rendered":"https:\/\/letempsjadisauction.com\/?post_type=product&#038;p=5257"},"modified":"2025-06-25T11:34:01","modified_gmt":"2025-06-25T11:34:01","slug":"108-republique-democratique-du-congo-4-oeufs-en-malachite","status":"publish","type":"product","link":"https:\/\/letempsjadisauction.com\/nl\/veiling\/108-republique-democratique-du-congo-4-oeufs-en-malachite\/","title":{"rendered":"108 R\u00e9publique D\u00e9mocratique du Congo \u2013 4 \u0153ufs en malachite"},"content":{"rendered":"<p>Republique d\u00e9mocratique du Congo, quatre oeufs, malachite, 20e si\u00e8cle<\/p>","protected":false},"excerpt":{"rendered":"<p>R\u00e9publique D\u00e9mocratique du Congo &#8211; 4 \u0153ufs en malachite<\/p>","protected":false},"featured_media":4843,"template":"","meta":{"_acf_changed":false,"inline_featured_image":false},"online_sale":[55],"product_brand":[],"product_cat":[18],"product_tag":[],"class_list":{"0":"post-5257","1":"product","2":"type-product","3":"status-publish","4":"has-post-thumbnail","6":"online_sale-juin-2025","7":"product_cat-non-classe","9":"first","10":"instock","11":"shipping-taxable","12":"purchasable","13":"product-type-auction"},"acf":[],"_links":{"self":[{"href":"https:\/\/letempsjadisauction.com\/nl\/wp-json\/wp\/v2\/product\/5257","targetHints":{"allow":["GET"]}}],"collection":[{"href":"https:\/\/letempsjadisauction.com\/nl\/wp-json\/wp\/v2\/product"}],"about":[{"href":"https:\/\/letempsjadisauction.com\/nl\/wp-json\/wp\/v2\/types\/product"}],"wp:featuredmedia":[{"embeddable":true,"href":"https:\/\/letempsjadisauction.com\/nl\/wp-json\/wp\/v2\/media\/4843"}],"wp:attachment":[{"href":"https:\/\/letempsjadisauction.com\/nl\/wp-json\/wp\/v2\/media?parent=5257"}],"wp:term":[{"taxonomy":"online_sale","embeddable":true,"href":"https:\/\/letempsjadisauction.com\/nl\/wp-json\/wp\/v2\/online_sale?post=5257"},{"taxonomy":"product_brand","embeddable":true,"href":"https:\/\/letempsjadisauction.com\/nl\/wp-json\/wp\/v2\/product_brand?post=5257"},{"taxonomy":"product_cat","embeddable":true,"href":"https:\/\/letempsjadisauction.com\/nl\/wp-json\/wp\/v2\/product_cat?post=5257"},{"taxonomy":"product_tag","embeddable":true,"href":"https:\/\/letempsjadisauction.com\/nl\/wp-json\/wp\/v2\/product_tag?post=5257"}],"curies":[{"name":"wp","href":"https:\/\/api.w.org\/{rel}","templated":true}]}}