{"id":5269,"date":"2025-06-09T19:29:44","date_gmt":"2025-06-09T19:29:44","guid":{"rendered":"https:\/\/letempsjadisauction.com\/?post_type=product&#038;p=5269"},"modified":"2025-06-25T12:01:32","modified_gmt":"2025-06-25T12:01:32","slug":"120-clement-massier-alhambra-grande-coupe-sur-piedestal","status":"publish","type":"product","link":"https:\/\/letempsjadisauction.com\/nl\/veiling\/120-clement-massier-alhambra-grande-coupe-sur-piedestal\/","title":{"rendered":"120 Cl\u00e9ment Massier \u2013 Alhambra, grande coupe sur pi\u00e9destal"},"content":{"rendered":"<p>Cl\u00e9ment Massier (1844\u20131917)<br \/>\nAlhambra, Grande coupe sur pi\u00e9destal \u00e0 d\u00e9cor n\u00e9o-mauresque<br \/>\nC\u00e9ramique \u00e9maill\u00e9e rouge grenat \u00e0 d\u00e9cor en relief<\/p>\n<p>Importante coupe circulaire reposant sur un haut pi\u00e9destal quadripode, l\u2019ensemble richement orn\u00e9 d\u2019un d\u00e9cor n\u00e9o-mauresque en relief, \u00e9voquant l\u2019architecture arabo-andalouse : ogives trilob\u00e9es, rinceaux feuillag\u00e9s et arcatures entrelac\u00e9es. La base du pi\u00e9destal, restaur\u00e9e, pr\u00e9sente un motif quadrilob\u00e9, surmont\u00e9 de quatre colonnes cannel\u00e9es, restaur\u00e9es.<br \/>\nDimensions : 158 x 71 cm<br \/>\n\u00c9tat : restaurations<\/p>","protected":false},"excerpt":{"rendered":"<p>Cl\u00e9ment Massier \u2013 Alhambra, grande coupe sur pi\u00e9destal<\/p>","protected":false},"featured_media":4876,"template":"","meta":{"_acf_changed":false,"inline_featured_image":false},"online_sale":[55],"product_brand":[],"product_cat":[18],"product_tag":[],"class_list":{"0":"post-5269","1":"product","2":"type-product","3":"status-publish","4":"has-post-thumbnail","6":"online_sale-juin-2025","7":"product_cat-non-classe","9":"first","10":"instock","11":"shipping-taxable","12":"purchasable","13":"product-type-auction"},"acf":[],"_links":{"self":[{"href":"https:\/\/letempsjadisauction.com\/nl\/wp-json\/wp\/v2\/product\/5269","targetHints":{"allow":["GET"]}}],"collection":[{"href":"https:\/\/letempsjadisauction.com\/nl\/wp-json\/wp\/v2\/product"}],"about":[{"href":"https:\/\/letempsjadisauction.com\/nl\/wp-json\/wp\/v2\/types\/product"}],"wp:featuredmedia":[{"embeddable":true,"href":"https:\/\/letempsjadisauction.com\/nl\/wp-json\/wp\/v2\/media\/4876"}],"wp:attachment":[{"href":"https:\/\/letempsjadisauction.com\/nl\/wp-json\/wp\/v2\/media?parent=5269"}],"wp:term":[{"taxonomy":"online_sale","embeddable":true,"href":"https:\/\/letempsjadisauction.com\/nl\/wp-json\/wp\/v2\/online_sale?post=5269"},{"taxonomy":"product_brand","embeddable":true,"href":"https:\/\/letempsjadisauction.com\/nl\/wp-json\/wp\/v2\/product_brand?post=5269"},{"taxonomy":"product_cat","embeddable":true,"href":"https:\/\/letempsjadisauction.com\/nl\/wp-json\/wp\/v2\/product_cat?post=5269"},{"taxonomy":"product_tag","embeddable":true,"href":"https:\/\/letempsjadisauction.com\/nl\/wp-json\/wp\/v2\/product_tag?post=5269"}],"curies":[{"name":"wp","href":"https:\/\/api.w.org\/{rel}","templated":true}]}}