{"id":5299,"date":"2025-06-09T19:28:42","date_gmt":"2025-06-09T19:28:42","guid":{"rendered":"https:\/\/letempsjadisauction.com\/?post_type=product&#038;p=5299"},"modified":"2025-06-25T12:58:17","modified_gmt":"2025-06-25T12:58:17","slug":"150-anonyme-plateau-de-service-ovale-en-argent","status":"publish","type":"product","link":"https:\/\/letempsjadisauction.com\/nl\/veiling\/150-anonyme-plateau-de-service-ovale-en-argent\/","title":{"rendered":"150 (Anonyme) \u2013 Plateau de service ovale en argent"},"content":{"rendered":"<p>Plateau de service ovale en argent, 19e-20e si\u00e8cle, \u00e0 bord godronn\u00e9 orn\u00e9 de motifs de palmettes, le centre grav\u00e9 d\u2019un cartouche rocaille encadrant des initiales entrelac\u00e9es. Traces d\u2019usage, 42 x 34 cm, 899 g<\/p>","protected":false},"excerpt":{"rendered":"<p>(Anonyme) \u2013 Plateau de service ovale en argent<\/p>","protected":false},"featured_media":4914,"template":"","meta":{"_acf_changed":false,"inline_featured_image":false},"online_sale":[55],"product_brand":[],"product_cat":[18],"product_tag":[],"class_list":{"0":"post-5299","1":"product","2":"type-product","3":"status-publish","4":"has-post-thumbnail","6":"online_sale-juin-2025","7":"product_cat-non-classe","9":"first","10":"instock","11":"shipping-taxable","12":"purchasable","13":"product-type-auction"},"acf":[],"_links":{"self":[{"href":"https:\/\/letempsjadisauction.com\/nl\/wp-json\/wp\/v2\/product\/5299","targetHints":{"allow":["GET"]}}],"collection":[{"href":"https:\/\/letempsjadisauction.com\/nl\/wp-json\/wp\/v2\/product"}],"about":[{"href":"https:\/\/letempsjadisauction.com\/nl\/wp-json\/wp\/v2\/types\/product"}],"wp:featuredmedia":[{"embeddable":true,"href":"https:\/\/letempsjadisauction.com\/nl\/wp-json\/wp\/v2\/media\/4914"}],"wp:attachment":[{"href":"https:\/\/letempsjadisauction.com\/nl\/wp-json\/wp\/v2\/media?parent=5299"}],"wp:term":[{"taxonomy":"online_sale","embeddable":true,"href":"https:\/\/letempsjadisauction.com\/nl\/wp-json\/wp\/v2\/online_sale?post=5299"},{"taxonomy":"product_brand","embeddable":true,"href":"https:\/\/letempsjadisauction.com\/nl\/wp-json\/wp\/v2\/product_brand?post=5299"},{"taxonomy":"product_cat","embeddable":true,"href":"https:\/\/letempsjadisauction.com\/nl\/wp-json\/wp\/v2\/product_cat?post=5299"},{"taxonomy":"product_tag","embeddable":true,"href":"https:\/\/letempsjadisauction.com\/nl\/wp-json\/wp\/v2\/product_tag?post=5299"}],"curies":[{"name":"wp","href":"https:\/\/api.w.org\/{rel}","templated":true}]}}