{"id":5301,"date":"2025-06-09T19:28:42","date_gmt":"2025-06-09T19:28:42","guid":{"rendered":"https:\/\/letempsjadisauction.com\/?post_type=product&#038;p=5301"},"modified":"2025-06-09T19:28:42","modified_gmt":"2025-06-09T19:28:42","slug":"152-jaeger-lecoultre-pendulette-reveil-de-voyage-ref-141-2","status":"publish","type":"product","link":"https:\/\/letempsjadisauction.com\/nl\/veiling\/152-jaeger-lecoultre-pendulette-reveil-de-voyage-ref-141-2\/","title":{"rendered":"152 Jaeger-Lecoultre \u2013 Pendulette r\u00e9veil de voyage, r\u00e9f. 141"},"content":{"rendered":"<p>\nJaeger-Lecoultre, pendulette r\u00e9veil de voyage, r\u00e9f\u00e9rence 141 , mouvement \u00e0 8 jours,  \u00e0 cadran rond, aiguilles de style Louis XV et chiffres romains. Avec son \u00e9tui en cuir brun clair, m\u00e9tal dor\u00e9, 20e si\u00e8cle, 4,5 x 5 x 2,5 cm<\/p>","protected":false},"excerpt":{"rendered":"<p>Jaeger-Lecoultre \u2013 Pendulette r\u00e9veil de voyage, r\u00e9f. 141<\/p>","protected":false},"featured_media":4921,"template":"","meta":{"_acf_changed":false,"inline_featured_image":false},"online_sale":[55],"product_brand":[],"product_cat":[18],"product_tag":[],"class_list":{"0":"post-5301","1":"product","2":"type-product","3":"status-publish","4":"has-post-thumbnail","6":"online_sale-juin-2025","7":"product_cat-non-classe","9":"first","10":"instock","11":"shipping-taxable","12":"purchasable","13":"product-type-auction"},"acf":[],"_links":{"self":[{"href":"https:\/\/letempsjadisauction.com\/nl\/wp-json\/wp\/v2\/product\/5301","targetHints":{"allow":["GET"]}}],"collection":[{"href":"https:\/\/letempsjadisauction.com\/nl\/wp-json\/wp\/v2\/product"}],"about":[{"href":"https:\/\/letempsjadisauction.com\/nl\/wp-json\/wp\/v2\/types\/product"}],"wp:featuredmedia":[{"embeddable":true,"href":"https:\/\/letempsjadisauction.com\/nl\/wp-json\/wp\/v2\/media\/4921"}],"wp:attachment":[{"href":"https:\/\/letempsjadisauction.com\/nl\/wp-json\/wp\/v2\/media?parent=5301"}],"wp:term":[{"taxonomy":"online_sale","embeddable":true,"href":"https:\/\/letempsjadisauction.com\/nl\/wp-json\/wp\/v2\/online_sale?post=5301"},{"taxonomy":"product_brand","embeddable":true,"href":"https:\/\/letempsjadisauction.com\/nl\/wp-json\/wp\/v2\/product_brand?post=5301"},{"taxonomy":"product_cat","embeddable":true,"href":"https:\/\/letempsjadisauction.com\/nl\/wp-json\/wp\/v2\/product_cat?post=5301"},{"taxonomy":"product_tag","embeddable":true,"href":"https:\/\/letempsjadisauction.com\/nl\/wp-json\/wp\/v2\/product_tag?post=5301"}],"curies":[{"name":"wp","href":"https:\/\/api.w.org\/{rel}","templated":true}]}}