{"id":5305,"date":"2025-06-09T19:27:38","date_gmt":"2025-06-09T19:27:38","guid":{"rendered":"https:\/\/letempsjadisauction.com\/?post_type=product&#038;p=5305"},"modified":"2025-06-24T07:35:57","modified_gmt":"2025-06-24T07:35:57","slug":"156-anonyme-lot-de-medailles-diverses","status":"publish","type":"product","link":"https:\/\/letempsjadisauction.com\/nl\/veiling\/156-anonyme-lot-de-medailles-diverses\/","title":{"rendered":"156 (Anonyme) \u2013 Lot de m\u00e9dailles diverses"},"content":{"rendered":"<p>lot de m\u00e9dailles diverses, bronze, m\u00e9tal, 19e &#8211; 20e<\/p>","protected":false},"excerpt":{"rendered":"<p>(Anonyme) \u2013 Lot de m\u00e9dailles diverses<\/p>","protected":false},"featured_media":4935,"template":"","meta":{"_acf_changed":false,"inline_featured_image":false},"online_sale":[55],"product_brand":[],"product_cat":[18],"product_tag":[],"class_list":{"0":"post-5305","1":"product","2":"type-product","3":"status-publish","4":"has-post-thumbnail","6":"online_sale-juin-2025","7":"product_cat-non-classe","9":"first","10":"instock","11":"shipping-taxable","12":"purchasable","13":"product-type-auction"},"acf":[],"_links":{"self":[{"href":"https:\/\/letempsjadisauction.com\/nl\/wp-json\/wp\/v2\/product\/5305","targetHints":{"allow":["GET"]}}],"collection":[{"href":"https:\/\/letempsjadisauction.com\/nl\/wp-json\/wp\/v2\/product"}],"about":[{"href":"https:\/\/letempsjadisauction.com\/nl\/wp-json\/wp\/v2\/types\/product"}],"wp:featuredmedia":[{"embeddable":true,"href":"https:\/\/letempsjadisauction.com\/nl\/wp-json\/wp\/v2\/media\/4935"}],"wp:attachment":[{"href":"https:\/\/letempsjadisauction.com\/nl\/wp-json\/wp\/v2\/media?parent=5305"}],"wp:term":[{"taxonomy":"online_sale","embeddable":true,"href":"https:\/\/letempsjadisauction.com\/nl\/wp-json\/wp\/v2\/online_sale?post=5305"},{"taxonomy":"product_brand","embeddable":true,"href":"https:\/\/letempsjadisauction.com\/nl\/wp-json\/wp\/v2\/product_brand?post=5305"},{"taxonomy":"product_cat","embeddable":true,"href":"https:\/\/letempsjadisauction.com\/nl\/wp-json\/wp\/v2\/product_cat?post=5305"},{"taxonomy":"product_tag","embeddable":true,"href":"https:\/\/letempsjadisauction.com\/nl\/wp-json\/wp\/v2\/product_tag?post=5305"}],"curies":[{"name":"wp","href":"https:\/\/api.w.org\/{rel}","templated":true}]}}