{"id":5306,"date":"2025-06-09T19:27:37","date_gmt":"2025-06-09T19:27:37","guid":{"rendered":"https:\/\/letempsjadisauction.com\/?post_type=product&#038;p=5306"},"modified":"2025-06-25T08:29:36","modified_gmt":"2025-06-25T08:29:36","slug":"157-fabrication-belge-pistolet-a-broche-double-canon-octogonal-2","status":"publish","type":"product","link":"https:\/\/letempsjadisauction.com\/nl\/veiling\/157-fabrication-belge-pistolet-a-broche-double-canon-octogonal-2\/","title":{"rendered":"157 Fabrication belge \u2013 Pistolet \u00e0 broche double canon octogonal"},"content":{"rendered":"<p>Fabrication belge, Pistolet \u00e0 broche en double canon octogonal basculant, ouverture \u00e0 verrou, d\u00e9tente escamotables. acier, bois (noyer)\t19eme si\u00e8cle, 24 x15 cm <\/p>","protected":false},"excerpt":{"rendered":"<p>Fabrication belge \u2013 Pistolet \u00e0 broche double canon octogonal<\/p>","protected":false},"featured_media":4938,"template":"","meta":{"_acf_changed":false,"inline_featured_image":false},"online_sale":[55],"product_brand":[],"product_cat":[18],"product_tag":[],"class_list":{"0":"post-5306","1":"product","2":"type-product","3":"status-publish","4":"has-post-thumbnail","6":"online_sale-juin-2025","7":"product_cat-non-classe","9":"first","10":"instock","11":"shipping-taxable","12":"purchasable","13":"product-type-auction"},"acf":[],"_links":{"self":[{"href":"https:\/\/letempsjadisauction.com\/nl\/wp-json\/wp\/v2\/product\/5306","targetHints":{"allow":["GET"]}}],"collection":[{"href":"https:\/\/letempsjadisauction.com\/nl\/wp-json\/wp\/v2\/product"}],"about":[{"href":"https:\/\/letempsjadisauction.com\/nl\/wp-json\/wp\/v2\/types\/product"}],"wp:featuredmedia":[{"embeddable":true,"href":"https:\/\/letempsjadisauction.com\/nl\/wp-json\/wp\/v2\/media\/4938"}],"wp:attachment":[{"href":"https:\/\/letempsjadisauction.com\/nl\/wp-json\/wp\/v2\/media?parent=5306"}],"wp:term":[{"taxonomy":"online_sale","embeddable":true,"href":"https:\/\/letempsjadisauction.com\/nl\/wp-json\/wp\/v2\/online_sale?post=5306"},{"taxonomy":"product_brand","embeddable":true,"href":"https:\/\/letempsjadisauction.com\/nl\/wp-json\/wp\/v2\/product_brand?post=5306"},{"taxonomy":"product_cat","embeddable":true,"href":"https:\/\/letempsjadisauction.com\/nl\/wp-json\/wp\/v2\/product_cat?post=5306"},{"taxonomy":"product_tag","embeddable":true,"href":"https:\/\/letempsjadisauction.com\/nl\/wp-json\/wp\/v2\/product_tag?post=5306"}],"curies":[{"name":"wp","href":"https:\/\/api.w.org\/{rel}","templated":true}]}}