{"id":5307,"date":"2025-06-09T19:27:39","date_gmt":"2025-06-09T19:27:39","guid":{"rendered":"https:\/\/letempsjadisauction.com\/?post_type=product&#038;p=5307"},"modified":"2025-06-25T13:15:00","modified_gmt":"2025-06-25T13:15:00","slug":"158-anonyme-pistolet-coup-de-poing-a-percussion-2","status":"publish","type":"product","link":"https:\/\/letempsjadisauction.com\/nl\/veiling\/158-anonyme-pistolet-coup-de-poing-a-percussion-2\/","title":{"rendered":"158 (Anonyme) \u2013 Pistolet coup de poing \u00e0 percussion"},"content":{"rendered":"<p>Pistolet coup de poing \u00e0 percussion, canon octogonal grav\u00e9 de feuillage, acier, bois (noyer), 19eme si\u00e8cle, 20 x 10 cm<\/p>","protected":false},"excerpt":{"rendered":"<p>(Anonyme) \u2013 Pistolet coup de poing \u00e0 percussion<\/p>","protected":false},"featured_media":4941,"template":"","meta":{"_acf_changed":false,"inline_featured_image":false},"online_sale":[55],"product_brand":[],"product_cat":[18],"product_tag":[],"class_list":{"0":"post-5307","1":"product","2":"type-product","3":"status-publish","4":"has-post-thumbnail","6":"online_sale-juin-2025","7":"product_cat-non-classe","9":"first","10":"instock","11":"shipping-taxable","12":"purchasable","13":"product-type-auction"},"acf":[],"_links":{"self":[{"href":"https:\/\/letempsjadisauction.com\/nl\/wp-json\/wp\/v2\/product\/5307","targetHints":{"allow":["GET"]}}],"collection":[{"href":"https:\/\/letempsjadisauction.com\/nl\/wp-json\/wp\/v2\/product"}],"about":[{"href":"https:\/\/letempsjadisauction.com\/nl\/wp-json\/wp\/v2\/types\/product"}],"wp:featuredmedia":[{"embeddable":true,"href":"https:\/\/letempsjadisauction.com\/nl\/wp-json\/wp\/v2\/media\/4941"}],"wp:attachment":[{"href":"https:\/\/letempsjadisauction.com\/nl\/wp-json\/wp\/v2\/media?parent=5307"}],"wp:term":[{"taxonomy":"online_sale","embeddable":true,"href":"https:\/\/letempsjadisauction.com\/nl\/wp-json\/wp\/v2\/online_sale?post=5307"},{"taxonomy":"product_brand","embeddable":true,"href":"https:\/\/letempsjadisauction.com\/nl\/wp-json\/wp\/v2\/product_brand?post=5307"},{"taxonomy":"product_cat","embeddable":true,"href":"https:\/\/letempsjadisauction.com\/nl\/wp-json\/wp\/v2\/product_cat?post=5307"},{"taxonomy":"product_tag","embeddable":true,"href":"https:\/\/letempsjadisauction.com\/nl\/wp-json\/wp\/v2\/product_tag?post=5307"}],"curies":[{"name":"wp","href":"https:\/\/api.w.org\/{rel}","templated":true}]}}