{"id":5321,"date":"2025-06-09T19:27:34","date_gmt":"2025-06-09T19:27:34","guid":{"rendered":"https:\/\/letempsjadisauction.com\/?post_type=product&#038;p=5321"},"modified":"2025-06-30T05:37:06","modified_gmt":"2025-06-30T05:37:06","slug":"172-omega-montre-bracelet-omega-de-ville-2","status":"publish","type":"product","link":"https:\/\/letempsjadisauction.com\/nl\/veiling\/172-omega-montre-bracelet-omega-de-ville-2\/","title":{"rendered":"172 Omega \u2013 Montre-bracelet Omega De Ville"},"content":{"rendered":"<p>Montre-bracelet Omega De Ville,  bo\u00eetier rond en acier \u00e0 lunette dor\u00e9e, cadran champagne, guichet date \u00e0 3\u202fh, mouvement quartz, bracelet cuir brun.<\/p>","protected":false},"excerpt":{"rendered":"<p>Omega \u2013 Montre-bracelet Omega De Ville<\/p>","protected":false},"featured_media":4973,"template":"","meta":{"_acf_changed":false,"inline_featured_image":false},"online_sale":[55],"product_brand":[],"product_cat":[18],"product_tag":[],"class_list":{"0":"post-5321","1":"product","2":"type-product","3":"status-publish","4":"has-post-thumbnail","6":"online_sale-juin-2025","7":"product_cat-non-classe","9":"first","10":"instock","11":"shipping-taxable","12":"purchasable","13":"product-type-auction"},"acf":[],"_links":{"self":[{"href":"https:\/\/letempsjadisauction.com\/nl\/wp-json\/wp\/v2\/product\/5321","targetHints":{"allow":["GET"]}}],"collection":[{"href":"https:\/\/letempsjadisauction.com\/nl\/wp-json\/wp\/v2\/product"}],"about":[{"href":"https:\/\/letempsjadisauction.com\/nl\/wp-json\/wp\/v2\/types\/product"}],"wp:featuredmedia":[{"embeddable":true,"href":"https:\/\/letempsjadisauction.com\/nl\/wp-json\/wp\/v2\/media\/4973"}],"wp:attachment":[{"href":"https:\/\/letempsjadisauction.com\/nl\/wp-json\/wp\/v2\/media?parent=5321"}],"wp:term":[{"taxonomy":"online_sale","embeddable":true,"href":"https:\/\/letempsjadisauction.com\/nl\/wp-json\/wp\/v2\/online_sale?post=5321"},{"taxonomy":"product_brand","embeddable":true,"href":"https:\/\/letempsjadisauction.com\/nl\/wp-json\/wp\/v2\/product_brand?post=5321"},{"taxonomy":"product_cat","embeddable":true,"href":"https:\/\/letempsjadisauction.com\/nl\/wp-json\/wp\/v2\/product_cat?post=5321"},{"taxonomy":"product_tag","embeddable":true,"href":"https:\/\/letempsjadisauction.com\/nl\/wp-json\/wp\/v2\/product_tag?post=5321"}],"curies":[{"name":"wp","href":"https:\/\/api.w.org\/{rel}","templated":true}]}}