{"id":6139,"date":"2025-07-16T11:03:52","date_gmt":"2025-07-16T11:03:52","guid":{"rendered":"https:\/\/letempsjadisauction.com\/?post_type=product&#038;p=6139"},"modified":"2025-07-30T10:18:02","modified_gmt":"2025-07-30T10:18:02","slug":"10-presse-papiers-fond-bleu-vert-millefiori-fleurs","status":"publish","type":"product","link":"https:\/\/letempsjadisauction.com\/nl\/veiling\/10-presse-papiers-fond-bleu-vert-millefiori-fleurs\/","title":{"rendered":"10-Presse-papiers fond bleu vert millefiori fleurs"},"content":{"rendered":"<p>Petit presse-papiers en verre clair, \u00e0 fond ondul\u00e9 bleu et vert, orn\u00e9 de huit cannes millefiori en forme de fleurs rouges et blanches, 4 x 3 cm<\/p>","protected":false},"excerpt":{"rendered":"<p>Presse-papiers fond bleu vert millefiori fleurs<\/p>","protected":false},"featured_media":5699,"template":"","meta":{"_acf_changed":false,"inline_featured_image":false},"online_sale":[58],"product_brand":[],"product_cat":[18],"product_tag":[],"class_list":{"0":"post-6139","1":"product","2":"type-product","3":"status-publish","4":"has-post-thumbnail","6":"online_sale-juillet-2025","7":"product_cat-non-classe","9":"first","10":"instock","11":"shipping-taxable","12":"purchasable","13":"product-type-auction"},"acf":[],"_links":{"self":[{"href":"https:\/\/letempsjadisauction.com\/nl\/wp-json\/wp\/v2\/product\/6139","targetHints":{"allow":["GET"]}}],"collection":[{"href":"https:\/\/letempsjadisauction.com\/nl\/wp-json\/wp\/v2\/product"}],"about":[{"href":"https:\/\/letempsjadisauction.com\/nl\/wp-json\/wp\/v2\/types\/product"}],"wp:featuredmedia":[{"embeddable":true,"href":"https:\/\/letempsjadisauction.com\/nl\/wp-json\/wp\/v2\/media\/5699"}],"wp:attachment":[{"href":"https:\/\/letempsjadisauction.com\/nl\/wp-json\/wp\/v2\/media?parent=6139"}],"wp:term":[{"taxonomy":"online_sale","embeddable":true,"href":"https:\/\/letempsjadisauction.com\/nl\/wp-json\/wp\/v2\/online_sale?post=6139"},{"taxonomy":"product_brand","embeddable":true,"href":"https:\/\/letempsjadisauction.com\/nl\/wp-json\/wp\/v2\/product_brand?post=6139"},{"taxonomy":"product_cat","embeddable":true,"href":"https:\/\/letempsjadisauction.com\/nl\/wp-json\/wp\/v2\/product_cat?post=6139"},{"taxonomy":"product_tag","embeddable":true,"href":"https:\/\/letempsjadisauction.com\/nl\/wp-json\/wp\/v2\/product_tag?post=6139"}],"curies":[{"name":"wp","href":"https:\/\/api.w.org\/{rel}","templated":true}]}}