{"id":6140,"date":"2025-07-16T11:03:52","date_gmt":"2025-07-16T11:03:52","guid":{"rendered":"https:\/\/letempsjadisauction.com\/?post_type=product&#038;p=6140"},"modified":"2025-07-16T11:03:52","modified_gmt":"2025-07-16T11:03:52","slug":"11-perthshire-millefiori-circulaire-cannes-torsadees","status":"publish","type":"product","link":"https:\/\/letempsjadisauction.com\/nl\/veiling\/11-perthshire-millefiori-circulaire-cannes-torsadees\/","title":{"rendered":"11-Perthshire \u2013 Millefiori circulaire cannes torsad\u00e9es"},"content":{"rendered":"<p>Petit presse-papiers en verre \u00e0 base bleue, d\u00e9cor\u00e9 d\u2019un motif millefiori circulaire multicolore encadr\u00e9 de cannes torsad\u00e9es vertes et noires, pastille \u00e0 la marque P, pour \u00a8Perthshire Scotland,  5 x 4 cm.<\/p>","protected":false},"excerpt":{"rendered":"<p>Perthshire \u2013 Millefiori circulaire cannes torsad\u00e9es<\/p>","protected":false},"featured_media":5701,"template":"","meta":{"_acf_changed":false,"inline_featured_image":false},"online_sale":[58],"product_brand":[],"product_cat":[18],"product_tag":[],"class_list":{"0":"post-6140","1":"product","2":"type-product","3":"status-publish","4":"has-post-thumbnail","6":"online_sale-juillet-2025","7":"product_cat-non-classe","9":"first","10":"instock","11":"shipping-taxable","12":"purchasable","13":"product-type-auction"},"acf":[],"_links":{"self":[{"href":"https:\/\/letempsjadisauction.com\/nl\/wp-json\/wp\/v2\/product\/6140","targetHints":{"allow":["GET"]}}],"collection":[{"href":"https:\/\/letempsjadisauction.com\/nl\/wp-json\/wp\/v2\/product"}],"about":[{"href":"https:\/\/letempsjadisauction.com\/nl\/wp-json\/wp\/v2\/types\/product"}],"wp:featuredmedia":[{"embeddable":true,"href":"https:\/\/letempsjadisauction.com\/nl\/wp-json\/wp\/v2\/media\/5701"}],"wp:attachment":[{"href":"https:\/\/letempsjadisauction.com\/nl\/wp-json\/wp\/v2\/media?parent=6140"}],"wp:term":[{"taxonomy":"online_sale","embeddable":true,"href":"https:\/\/letempsjadisauction.com\/nl\/wp-json\/wp\/v2\/online_sale?post=6140"},{"taxonomy":"product_brand","embeddable":true,"href":"https:\/\/letempsjadisauction.com\/nl\/wp-json\/wp\/v2\/product_brand?post=6140"},{"taxonomy":"product_cat","embeddable":true,"href":"https:\/\/letempsjadisauction.com\/nl\/wp-json\/wp\/v2\/product_cat?post=6140"},{"taxonomy":"product_tag","embeddable":true,"href":"https:\/\/letempsjadisauction.com\/nl\/wp-json\/wp\/v2\/product_tag?post=6140"}],"curies":[{"name":"wp","href":"https:\/\/api.w.org\/{rel}","templated":true}]}}