{"id":6144,"date":"2025-07-16T11:03:51","date_gmt":"2025-07-16T11:03:51","guid":{"rendered":"https:\/\/letempsjadisauction.com\/?post_type=product&#038;p=6144"},"modified":"2025-07-30T06:39:51","modified_gmt":"2025-07-30T06:39:51","slug":"15-perthshire-millefiori-rosace-geometrique","status":"publish","type":"product","link":"https:\/\/letempsjadisauction.com\/nl\/veiling\/15-perthshire-millefiori-rosace-geometrique\/","title":{"rendered":"15-Perthshire \u2013 Millefiori rosace g\u00e9om\u00e9trique"},"content":{"rendered":"<p>Presse-papiers en verre \u00e0 fond bleu cobalt, orn\u00e9 d\u2019un d\u00e9cor millefiori complexe et multicolore formant une rosace dense \u00e0 motifs g\u00e9om\u00e9triques et floraux, pastille \u00e0 la marque P,pour Perthshire Scotland, 1992,  6 x 4 cm<\/p>","protected":false},"excerpt":{"rendered":"<p>Perthshire \u2013 Millefiori rosace g\u00e9om\u00e9trique<\/p>","protected":false},"featured_media":5709,"template":"","meta":{"_acf_changed":false,"inline_featured_image":false},"online_sale":[58],"product_brand":[],"product_cat":[18],"product_tag":[],"class_list":{"0":"post-6144","1":"product","2":"type-product","3":"status-publish","4":"has-post-thumbnail","6":"online_sale-juillet-2025","7":"product_cat-non-classe","9":"first","10":"instock","11":"shipping-taxable","12":"purchasable","13":"product-type-auction"},"acf":[],"_links":{"self":[{"href":"https:\/\/letempsjadisauction.com\/nl\/wp-json\/wp\/v2\/product\/6144","targetHints":{"allow":["GET"]}}],"collection":[{"href":"https:\/\/letempsjadisauction.com\/nl\/wp-json\/wp\/v2\/product"}],"about":[{"href":"https:\/\/letempsjadisauction.com\/nl\/wp-json\/wp\/v2\/types\/product"}],"wp:featuredmedia":[{"embeddable":true,"href":"https:\/\/letempsjadisauction.com\/nl\/wp-json\/wp\/v2\/media\/5709"}],"wp:attachment":[{"href":"https:\/\/letempsjadisauction.com\/nl\/wp-json\/wp\/v2\/media?parent=6144"}],"wp:term":[{"taxonomy":"online_sale","embeddable":true,"href":"https:\/\/letempsjadisauction.com\/nl\/wp-json\/wp\/v2\/online_sale?post=6144"},{"taxonomy":"product_brand","embeddable":true,"href":"https:\/\/letempsjadisauction.com\/nl\/wp-json\/wp\/v2\/product_brand?post=6144"},{"taxonomy":"product_cat","embeddable":true,"href":"https:\/\/letempsjadisauction.com\/nl\/wp-json\/wp\/v2\/product_cat?post=6144"},{"taxonomy":"product_tag","embeddable":true,"href":"https:\/\/letempsjadisauction.com\/nl\/wp-json\/wp\/v2\/product_tag?post=6144"}],"curies":[{"name":"wp","href":"https:\/\/api.w.org\/{rel}","templated":true}]}}