{"id":6147,"date":"2025-07-16T11:03:53","date_gmt":"2025-07-16T11:03:53","guid":{"rendered":"https:\/\/letempsjadisauction.com\/?post_type=product&#038;p=6147"},"modified":"2025-07-30T10:34:04","modified_gmt":"2025-07-30T10:34:04","slug":"18-baccarat-primevere","status":"publish","type":"product","link":"https:\/\/letempsjadisauction.com\/nl\/veiling\/18-baccarat-primevere\/","title":{"rendered":"18-Baccarat \u2013 Primev\u00e8re"},"content":{"rendered":"<p>Baccarat, presse-papiers en verre clair, renfermant une primev\u00e8re en inclusion, Baccarat, \u00e9toile taill\u00e9 \u00e0 la base , 8 x 5,5 cm, \u00e9tat\u00a0: un coup.<\/p>","protected":false},"excerpt":{"rendered":"<p>Baccarat \u2013 Primev\u00e8re<\/p>","protected":false},"featured_media":5714,"template":"","meta":{"_acf_changed":false,"inline_featured_image":false},"online_sale":[58],"product_brand":[],"product_cat":[18],"product_tag":[],"class_list":{"0":"post-6147","1":"product","2":"type-product","3":"status-publish","4":"has-post-thumbnail","6":"online_sale-juillet-2025","7":"product_cat-non-classe","9":"first","10":"instock","11":"shipping-taxable","12":"purchasable","13":"product-type-auction"},"acf":[],"_links":{"self":[{"href":"https:\/\/letempsjadisauction.com\/nl\/wp-json\/wp\/v2\/product\/6147","targetHints":{"allow":["GET"]}}],"collection":[{"href":"https:\/\/letempsjadisauction.com\/nl\/wp-json\/wp\/v2\/product"}],"about":[{"href":"https:\/\/letempsjadisauction.com\/nl\/wp-json\/wp\/v2\/types\/product"}],"wp:featuredmedia":[{"embeddable":true,"href":"https:\/\/letempsjadisauction.com\/nl\/wp-json\/wp\/v2\/media\/5714"}],"wp:attachment":[{"href":"https:\/\/letempsjadisauction.com\/nl\/wp-json\/wp\/v2\/media?parent=6147"}],"wp:term":[{"taxonomy":"online_sale","embeddable":true,"href":"https:\/\/letempsjadisauction.com\/nl\/wp-json\/wp\/v2\/online_sale?post=6147"},{"taxonomy":"product_brand","embeddable":true,"href":"https:\/\/letempsjadisauction.com\/nl\/wp-json\/wp\/v2\/product_brand?post=6147"},{"taxonomy":"product_cat","embeddable":true,"href":"https:\/\/letempsjadisauction.com\/nl\/wp-json\/wp\/v2\/product_cat?post=6147"},{"taxonomy":"product_tag","embeddable":true,"href":"https:\/\/letempsjadisauction.com\/nl\/wp-json\/wp\/v2\/product_tag?post=6147"}],"curies":[{"name":"wp","href":"https:\/\/api.w.org\/{rel}","templated":true}]}}