{"id":6154,"date":"2025-07-16T11:04:12","date_gmt":"2025-07-16T11:04:12","guid":{"rendered":"https:\/\/letempsjadisauction.com\/?post_type=product&#038;p=6154"},"modified":"2025-07-30T10:48:05","modified_gmt":"2025-07-30T10:48:05","slug":"25-selkirk-illusion-1992","status":"publish","type":"product","link":"https:\/\/letempsjadisauction.com\/nl\/veiling\/25-selkirk-illusion-1992\/","title":{"rendered":"25-Selkirk \u2013 Illusion 1992"},"content":{"rendered":"<p>Presse-papiers sph\u00e9rique en verre clair, orn\u00e9 d\u2019une train\u00e9e rose suspendues au-dessus d\u2019un fond aux \u00e9clats violets et noirs iris\u00e9s, sign\u00e9e Selkirk glass scotland, Illusion 371\/500, dat\u00e9 1992, 8 x 8 cm<\/p>","protected":false},"excerpt":{"rendered":"<p>Selkirk \u2013 Illusion 1992<\/p>","protected":false},"featured_media":5728,"template":"","meta":{"_acf_changed":false,"inline_featured_image":false},"online_sale":[58],"product_brand":[],"product_cat":[18],"product_tag":[],"class_list":{"0":"post-6154","1":"product","2":"type-product","3":"status-publish","4":"has-post-thumbnail","6":"online_sale-juillet-2025","7":"product_cat-non-classe","9":"first","10":"instock","11":"shipping-taxable","12":"purchasable","13":"product-type-auction"},"acf":[],"_links":{"self":[{"href":"https:\/\/letempsjadisauction.com\/nl\/wp-json\/wp\/v2\/product\/6154","targetHints":{"allow":["GET"]}}],"collection":[{"href":"https:\/\/letempsjadisauction.com\/nl\/wp-json\/wp\/v2\/product"}],"about":[{"href":"https:\/\/letempsjadisauction.com\/nl\/wp-json\/wp\/v2\/types\/product"}],"wp:featuredmedia":[{"embeddable":true,"href":"https:\/\/letempsjadisauction.com\/nl\/wp-json\/wp\/v2\/media\/5728"}],"wp:attachment":[{"href":"https:\/\/letempsjadisauction.com\/nl\/wp-json\/wp\/v2\/media?parent=6154"}],"wp:term":[{"taxonomy":"online_sale","embeddable":true,"href":"https:\/\/letempsjadisauction.com\/nl\/wp-json\/wp\/v2\/online_sale?post=6154"},{"taxonomy":"product_brand","embeddable":true,"href":"https:\/\/letempsjadisauction.com\/nl\/wp-json\/wp\/v2\/product_brand?post=6154"},{"taxonomy":"product_cat","embeddable":true,"href":"https:\/\/letempsjadisauction.com\/nl\/wp-json\/wp\/v2\/product_cat?post=6154"},{"taxonomy":"product_tag","embeddable":true,"href":"https:\/\/letempsjadisauction.com\/nl\/wp-json\/wp\/v2\/product_tag?post=6154"}],"curies":[{"name":"wp","href":"https:\/\/api.w.org\/{rel}","templated":true}]}}