{"id":6157,"date":"2025-07-16T11:04:11","date_gmt":"2025-07-16T11:04:11","guid":{"rendered":"https:\/\/letempsjadisauction.com\/?post_type=product&#038;p=6157"},"modified":"2025-07-30T10:54:03","modified_gmt":"2025-07-30T10:54:03","slug":"28-presse-papiers-fleur-rose-eclose","status":"publish","type":"product","link":"https:\/\/letempsjadisauction.com\/nl\/veiling\/28-presse-papiers-fleur-rose-eclose\/","title":{"rendered":"28-Presse-papiers fleur rose \u00e9close"},"content":{"rendered":"<p>Presse-papiers sph\u00e9rique en verre clair, renfermant une fleur rose en pleine \u00e9closion, 8 x 6,5 cm<\/p>","protected":false},"excerpt":{"rendered":"<p>Presse-papiers fleur rose \u00e9close<\/p>","protected":false},"featured_media":5734,"template":"","meta":{"_acf_changed":false,"inline_featured_image":false},"online_sale":[58],"product_brand":[],"product_cat":[18],"product_tag":[],"class_list":{"0":"post-6157","1":"product","2":"type-product","3":"status-publish","4":"has-post-thumbnail","6":"online_sale-juillet-2025","7":"product_cat-non-classe","9":"first","10":"instock","11":"shipping-taxable","12":"purchasable","13":"product-type-auction"},"acf":[],"_links":{"self":[{"href":"https:\/\/letempsjadisauction.com\/nl\/wp-json\/wp\/v2\/product\/6157","targetHints":{"allow":["GET"]}}],"collection":[{"href":"https:\/\/letempsjadisauction.com\/nl\/wp-json\/wp\/v2\/product"}],"about":[{"href":"https:\/\/letempsjadisauction.com\/nl\/wp-json\/wp\/v2\/types\/product"}],"wp:featuredmedia":[{"embeddable":true,"href":"https:\/\/letempsjadisauction.com\/nl\/wp-json\/wp\/v2\/media\/5734"}],"wp:attachment":[{"href":"https:\/\/letempsjadisauction.com\/nl\/wp-json\/wp\/v2\/media?parent=6157"}],"wp:term":[{"taxonomy":"online_sale","embeddable":true,"href":"https:\/\/letempsjadisauction.com\/nl\/wp-json\/wp\/v2\/online_sale?post=6157"},{"taxonomy":"product_brand","embeddable":true,"href":"https:\/\/letempsjadisauction.com\/nl\/wp-json\/wp\/v2\/product_brand?post=6157"},{"taxonomy":"product_cat","embeddable":true,"href":"https:\/\/letempsjadisauction.com\/nl\/wp-json\/wp\/v2\/product_cat?post=6157"},{"taxonomy":"product_tag","embeddable":true,"href":"https:\/\/letempsjadisauction.com\/nl\/wp-json\/wp\/v2\/product_tag?post=6157"}],"curies":[{"name":"wp","href":"https:\/\/api.w.org\/{rel}","templated":true}]}}