{"id":6159,"date":"2025-07-16T11:04:11","date_gmt":"2025-07-16T11:04:11","guid":{"rendered":"https:\/\/letempsjadisauction.com\/?post_type=product&#038;p=6159"},"modified":"2025-07-29T19:19:09","modified_gmt":"2025-07-29T19:19:09","slug":"30-presse-papiers-marbre-vert-pale-coulures-or","status":"publish","type":"product","link":"https:\/\/letempsjadisauction.com\/nl\/veiling\/30-presse-papiers-marbre-vert-pale-coulures-or\/","title":{"rendered":"30-Presse-papiers marbr\u00e9 vert p\u00e2le coulures or"},"content":{"rendered":"<p>Presse-papiers en verre aux marbrures vert p\u00e2le, rehauss\u00e9 de coulures dor\u00e9es, estampill\u00e9 VM, 8 x 7 cm<\/p>","protected":false},"excerpt":{"rendered":"<p>Presse-papiers marbr\u00e9 vert p\u00e2le coulures or<\/p>","protected":false},"featured_media":5738,"template":"","meta":{"_acf_changed":false,"inline_featured_image":false},"online_sale":[58],"product_brand":[],"product_cat":[18],"product_tag":[],"class_list":{"0":"post-6159","1":"product","2":"type-product","3":"status-publish","4":"has-post-thumbnail","6":"online_sale-juillet-2025","7":"product_cat-non-classe","9":"first","10":"instock","11":"shipping-taxable","12":"purchasable","13":"product-type-auction"},"acf":[],"_links":{"self":[{"href":"https:\/\/letempsjadisauction.com\/nl\/wp-json\/wp\/v2\/product\/6159","targetHints":{"allow":["GET"]}}],"collection":[{"href":"https:\/\/letempsjadisauction.com\/nl\/wp-json\/wp\/v2\/product"}],"about":[{"href":"https:\/\/letempsjadisauction.com\/nl\/wp-json\/wp\/v2\/types\/product"}],"wp:featuredmedia":[{"embeddable":true,"href":"https:\/\/letempsjadisauction.com\/nl\/wp-json\/wp\/v2\/media\/5738"}],"wp:attachment":[{"href":"https:\/\/letempsjadisauction.com\/nl\/wp-json\/wp\/v2\/media?parent=6159"}],"wp:term":[{"taxonomy":"online_sale","embeddable":true,"href":"https:\/\/letempsjadisauction.com\/nl\/wp-json\/wp\/v2\/online_sale?post=6159"},{"taxonomy":"product_brand","embeddable":true,"href":"https:\/\/letempsjadisauction.com\/nl\/wp-json\/wp\/v2\/product_brand?post=6159"},{"taxonomy":"product_cat","embeddable":true,"href":"https:\/\/letempsjadisauction.com\/nl\/wp-json\/wp\/v2\/product_cat?post=6159"},{"taxonomy":"product_tag","embeddable":true,"href":"https:\/\/letempsjadisauction.com\/nl\/wp-json\/wp\/v2\/product_tag?post=6159"}],"curies":[{"name":"wp","href":"https:\/\/api.w.org\/{rel}","templated":true}]}}