{"id":6162,"date":"2025-07-16T11:04:10","date_gmt":"2025-07-16T11:04:10","guid":{"rendered":"https:\/\/letempsjadisauction.com\/?post_type=product&#038;p=6162"},"modified":"2025-07-29T19:21:38","modified_gmt":"2025-07-29T19:21:38","slug":"33-caithness-arie","status":"publish","type":"product","link":"https:\/\/letempsjadisauction.com\/nl\/veiling\/33-caithness-arie\/","title":{"rendered":"33-Caithness \u2013 Arie"},"content":{"rendered":"<p>Presse-papiers en verre clair, orn\u00e9 d\u2019une fleur stylis\u00e9e violette en inclusion, entour\u00e9e de p\u00e9tales vert \u00e9meraude et rehauss\u00e9e d\u2019un fond noir constell\u00e9 de bulles d\u2019air, sign\u00e9e Caithness Arie Scotland 92\/500, 10 x 6 cm<\/p>","protected":false},"excerpt":{"rendered":"<p>Caithness \u2013 Arie<\/p>","protected":false},"featured_media":5744,"template":"","meta":{"_acf_changed":false,"inline_featured_image":false},"online_sale":[58],"product_brand":[],"product_cat":[18],"product_tag":[],"class_list":{"0":"post-6162","1":"product","2":"type-product","3":"status-publish","4":"has-post-thumbnail","6":"online_sale-juillet-2025","7":"product_cat-non-classe","9":"first","10":"instock","11":"shipping-taxable","12":"purchasable","13":"product-type-auction"},"acf":[],"_links":{"self":[{"href":"https:\/\/letempsjadisauction.com\/nl\/wp-json\/wp\/v2\/product\/6162","targetHints":{"allow":["GET"]}}],"collection":[{"href":"https:\/\/letempsjadisauction.com\/nl\/wp-json\/wp\/v2\/product"}],"about":[{"href":"https:\/\/letempsjadisauction.com\/nl\/wp-json\/wp\/v2\/types\/product"}],"wp:featuredmedia":[{"embeddable":true,"href":"https:\/\/letempsjadisauction.com\/nl\/wp-json\/wp\/v2\/media\/5744"}],"wp:attachment":[{"href":"https:\/\/letempsjadisauction.com\/nl\/wp-json\/wp\/v2\/media?parent=6162"}],"wp:term":[{"taxonomy":"online_sale","embeddable":true,"href":"https:\/\/letempsjadisauction.com\/nl\/wp-json\/wp\/v2\/online_sale?post=6162"},{"taxonomy":"product_brand","embeddable":true,"href":"https:\/\/letempsjadisauction.com\/nl\/wp-json\/wp\/v2\/product_brand?post=6162"},{"taxonomy":"product_cat","embeddable":true,"href":"https:\/\/letempsjadisauction.com\/nl\/wp-json\/wp\/v2\/product_cat?post=6162"},{"taxonomy":"product_tag","embeddable":true,"href":"https:\/\/letempsjadisauction.com\/nl\/wp-json\/wp\/v2\/product_tag?post=6162"}],"curies":[{"name":"wp","href":"https:\/\/api.w.org\/{rel}","templated":true}]}}