{"id":6166,"date":"2025-07-16T11:04:13","date_gmt":"2025-07-16T11:04:13","guid":{"rendered":"https:\/\/letempsjadisauction.com\/?post_type=product&#038;p=6166"},"modified":"2025-07-16T11:04:13","modified_gmt":"2025-07-16T11:04:13","slug":"37-caithness-colour-pool","status":"publish","type":"product","link":"https:\/\/letempsjadisauction.com\/nl\/veiling\/37-caithness-colour-pool\/","title":{"rendered":"37-Caithness \u2013 Colour Pool"},"content":{"rendered":"<p>Presse-papiers en verre clair de forme ovo\u00efde, anim\u00e9 de volutes bleues et blanches, pos\u00e9 sur un socle hexagonal en verre bleu translucide assorti,  sign\u00e9 Caithness colour pool scotland, 9 x 7,5 cm<\/p>","protected":false},"excerpt":{"rendered":"<p>Caithness \u2013 Colour Pool<\/p>","protected":false},"featured_media":5750,"template":"","meta":{"_acf_changed":false,"inline_featured_image":false},"online_sale":[58],"product_brand":[],"product_cat":[18],"product_tag":[],"class_list":{"0":"post-6166","1":"product","2":"type-product","3":"status-publish","4":"has-post-thumbnail","6":"online_sale-juillet-2025","7":"product_cat-non-classe","9":"first","10":"instock","11":"shipping-taxable","12":"purchasable","13":"product-type-auction"},"acf":[],"_links":{"self":[{"href":"https:\/\/letempsjadisauction.com\/nl\/wp-json\/wp\/v2\/product\/6166","targetHints":{"allow":["GET"]}}],"collection":[{"href":"https:\/\/letempsjadisauction.com\/nl\/wp-json\/wp\/v2\/product"}],"about":[{"href":"https:\/\/letempsjadisauction.com\/nl\/wp-json\/wp\/v2\/types\/product"}],"wp:featuredmedia":[{"embeddable":true,"href":"https:\/\/letempsjadisauction.com\/nl\/wp-json\/wp\/v2\/media\/5750"}],"wp:attachment":[{"href":"https:\/\/letempsjadisauction.com\/nl\/wp-json\/wp\/v2\/media?parent=6166"}],"wp:term":[{"taxonomy":"online_sale","embeddable":true,"href":"https:\/\/letempsjadisauction.com\/nl\/wp-json\/wp\/v2\/online_sale?post=6166"},{"taxonomy":"product_brand","embeddable":true,"href":"https:\/\/letempsjadisauction.com\/nl\/wp-json\/wp\/v2\/product_brand?post=6166"},{"taxonomy":"product_cat","embeddable":true,"href":"https:\/\/letempsjadisauction.com\/nl\/wp-json\/wp\/v2\/product_cat?post=6166"},{"taxonomy":"product_tag","embeddable":true,"href":"https:\/\/letempsjadisauction.com\/nl\/wp-json\/wp\/v2\/product_tag?post=6166"}],"curies":[{"name":"wp","href":"https:\/\/api.w.org\/{rel}","templated":true}]}}