{"id":6170,"date":"2025-07-16T11:04:14","date_gmt":"2025-07-16T11:04:14","guid":{"rendered":"https:\/\/letempsjadisauction.com\/?post_type=product&#038;p=6170"},"modified":"2025-07-16T11:04:14","modified_gmt":"2025-07-16T11:04:14","slug":"41-glass-scotland-topaz","status":"publish","type":"product","link":"https:\/\/letempsjadisauction.com\/nl\/veiling\/41-glass-scotland-topaz\/","title":{"rendered":"41-Glass Scotland \u2013 Topaz"},"content":{"rendered":"<p>Presse-papiers sph\u00e9rique en verre clair, orn\u00e9 en son centre d\u2019une fleur stylis\u00e9e aux p\u00e9tales roses \u00e9mergeant d\u2019une base tourbillonnante brun ambr\u00e9, sign\u00e9 Glass Scotland, Topaz, 58\/500, 1994, 8 x 6,5 cm<\/p>","protected":false},"excerpt":{"rendered":"<p>Glass Scotland \u2013 Topaz<\/p>","protected":false},"featured_media":5756,"template":"","meta":{"_acf_changed":false,"inline_featured_image":false},"online_sale":[58],"product_brand":[],"product_cat":[18],"product_tag":[],"class_list":{"0":"post-6170","1":"product","2":"type-product","3":"status-publish","4":"has-post-thumbnail","6":"online_sale-juillet-2025","7":"product_cat-non-classe","9":"first","10":"instock","11":"shipping-taxable","12":"purchasable","13":"product-type-auction"},"acf":[],"_links":{"self":[{"href":"https:\/\/letempsjadisauction.com\/nl\/wp-json\/wp\/v2\/product\/6170","targetHints":{"allow":["GET"]}}],"collection":[{"href":"https:\/\/letempsjadisauction.com\/nl\/wp-json\/wp\/v2\/product"}],"about":[{"href":"https:\/\/letempsjadisauction.com\/nl\/wp-json\/wp\/v2\/types\/product"}],"wp:featuredmedia":[{"embeddable":true,"href":"https:\/\/letempsjadisauction.com\/nl\/wp-json\/wp\/v2\/media\/5756"}],"wp:attachment":[{"href":"https:\/\/letempsjadisauction.com\/nl\/wp-json\/wp\/v2\/media?parent=6170"}],"wp:term":[{"taxonomy":"online_sale","embeddable":true,"href":"https:\/\/letempsjadisauction.com\/nl\/wp-json\/wp\/v2\/online_sale?post=6170"},{"taxonomy":"product_brand","embeddable":true,"href":"https:\/\/letempsjadisauction.com\/nl\/wp-json\/wp\/v2\/product_brand?post=6170"},{"taxonomy":"product_cat","embeddable":true,"href":"https:\/\/letempsjadisauction.com\/nl\/wp-json\/wp\/v2\/product_cat?post=6170"},{"taxonomy":"product_tag","embeddable":true,"href":"https:\/\/letempsjadisauction.com\/nl\/wp-json\/wp\/v2\/product_tag?post=6170"}],"curies":[{"name":"wp","href":"https:\/\/api.w.org\/{rel}","templated":true}]}}