{"id":6174,"date":"2025-07-16T11:04:31","date_gmt":"2025-07-16T11:04:31","guid":{"rendered":"https:\/\/letempsjadisauction.com\/?post_type=product&#038;p=6174"},"modified":"2025-07-16T11:04:31","modified_gmt":"2025-07-16T11:04:31","slug":"45-saint-louis-oeuf-filigranes-resille","status":"publish","type":"product","link":"https:\/\/letempsjadisauction.com\/nl\/veiling\/45-saint-louis-oeuf-filigranes-resille\/","title":{"rendered":"45-Saint-Louis \u2013 \u0152uf filigranes r\u00e9sille"},"content":{"rendered":"<p>Cristalerie Saint-Louis, presse-papiers en forme d\u2019\u0153uf renfermant un r\u00e9seau complexe de filigranes color\u00e9s entrecrois\u00e9s en diagonale, formant un motif en r\u00e9sille, sign\u00e9 Saint Louis, 7 x 4 cm<\/p>","protected":false},"excerpt":{"rendered":"<p>Saint-Louis \u2013 \u0152uf filigranes r\u00e9sille<\/p>","protected":false},"featured_media":5765,"template":"","meta":{"_acf_changed":false,"inline_featured_image":false},"online_sale":[58],"product_brand":[],"product_cat":[18],"product_tag":[],"class_list":{"0":"post-6174","1":"product","2":"type-product","3":"status-publish","4":"has-post-thumbnail","6":"online_sale-juillet-2025","7":"product_cat-non-classe","9":"first","10":"instock","11":"shipping-taxable","12":"purchasable","13":"product-type-auction"},"acf":[],"_links":{"self":[{"href":"https:\/\/letempsjadisauction.com\/nl\/wp-json\/wp\/v2\/product\/6174","targetHints":{"allow":["GET"]}}],"collection":[{"href":"https:\/\/letempsjadisauction.com\/nl\/wp-json\/wp\/v2\/product"}],"about":[{"href":"https:\/\/letempsjadisauction.com\/nl\/wp-json\/wp\/v2\/types\/product"}],"wp:featuredmedia":[{"embeddable":true,"href":"https:\/\/letempsjadisauction.com\/nl\/wp-json\/wp\/v2\/media\/5765"}],"wp:attachment":[{"href":"https:\/\/letempsjadisauction.com\/nl\/wp-json\/wp\/v2\/media?parent=6174"}],"wp:term":[{"taxonomy":"online_sale","embeddable":true,"href":"https:\/\/letempsjadisauction.com\/nl\/wp-json\/wp\/v2\/online_sale?post=6174"},{"taxonomy":"product_brand","embeddable":true,"href":"https:\/\/letempsjadisauction.com\/nl\/wp-json\/wp\/v2\/product_brand?post=6174"},{"taxonomy":"product_cat","embeddable":true,"href":"https:\/\/letempsjadisauction.com\/nl\/wp-json\/wp\/v2\/product_cat?post=6174"},{"taxonomy":"product_tag","embeddable":true,"href":"https:\/\/letempsjadisauction.com\/nl\/wp-json\/wp\/v2\/product_tag?post=6174"}],"curies":[{"name":"wp","href":"https:\/\/api.w.org\/{rel}","templated":true}]}}