{"id":6189,"date":"2025-07-16T11:04:32","date_gmt":"2025-07-16T11:04:32","guid":{"rendered":"https:\/\/letempsjadisauction.com\/?post_type=product&#038;p=6189"},"modified":"2025-07-16T11:04:32","modified_gmt":"2025-07-16T11:04:32","slug":"60-boda-presse-papiers-champignon-mouchete-murrines","status":"publish","type":"product","link":"https:\/\/letempsjadisauction.com\/nl\/veiling\/60-boda-presse-papiers-champignon-mouchete-murrines\/","title":{"rendered":"60-Boda &#8211; presse-papiers champignon mouchet\u00e9 murrines"},"content":{"rendered":"<p>Presse-papiers en forme de champignon en verre souffl\u00e9, \u00e0 d\u00e9cor mouchet\u00e9 brun et cr\u00e8me avec inclusion de murrines multicolores au sommet, \u00e9tiquette Boda, 18 x 15 cm<\/p>","protected":false},"excerpt":{"rendered":"<p>Boda &#8211; presse-papiers champignon mouchet\u00e9 murrines  <\/p>","protected":false},"featured_media":5789,"template":"","meta":{"_acf_changed":false,"inline_featured_image":false},"online_sale":[58],"product_brand":[],"product_cat":[18],"product_tag":[],"class_list":{"0":"post-6189","1":"product","2":"type-product","3":"status-publish","4":"has-post-thumbnail","6":"online_sale-juillet-2025","7":"product_cat-non-classe","9":"first","10":"instock","11":"shipping-taxable","12":"purchasable","13":"product-type-auction"},"acf":[],"_links":{"self":[{"href":"https:\/\/letempsjadisauction.com\/nl\/wp-json\/wp\/v2\/product\/6189","targetHints":{"allow":["GET"]}}],"collection":[{"href":"https:\/\/letempsjadisauction.com\/nl\/wp-json\/wp\/v2\/product"}],"about":[{"href":"https:\/\/letempsjadisauction.com\/nl\/wp-json\/wp\/v2\/types\/product"}],"wp:featuredmedia":[{"embeddable":true,"href":"https:\/\/letempsjadisauction.com\/nl\/wp-json\/wp\/v2\/media\/5789"}],"wp:attachment":[{"href":"https:\/\/letempsjadisauction.com\/nl\/wp-json\/wp\/v2\/media?parent=6189"}],"wp:term":[{"taxonomy":"online_sale","embeddable":true,"href":"https:\/\/letempsjadisauction.com\/nl\/wp-json\/wp\/v2\/online_sale?post=6189"},{"taxonomy":"product_brand","embeddable":true,"href":"https:\/\/letempsjadisauction.com\/nl\/wp-json\/wp\/v2\/product_brand?post=6189"},{"taxonomy":"product_cat","embeddable":true,"href":"https:\/\/letempsjadisauction.com\/nl\/wp-json\/wp\/v2\/product_cat?post=6189"},{"taxonomy":"product_tag","embeddable":true,"href":"https:\/\/letempsjadisauction.com\/nl\/wp-json\/wp\/v2\/product_tag?post=6189"}],"curies":[{"name":"wp","href":"https:\/\/api.w.org\/{rel}","templated":true}]}}