{"id":6194,"date":"2025-07-16T11:04:52","date_gmt":"2025-07-16T11:04:52","guid":{"rendered":"https:\/\/letempsjadisauction.com\/?post_type=product&#038;p=6194"},"modified":"2025-07-25T13:40:21","modified_gmt":"2025-07-25T13:40:21","slug":"65-petit-vase-millefiori-fond-bleu-cobalt","status":"publish","type":"product","link":"https:\/\/letempsjadisauction.com\/nl\/veiling\/65-petit-vase-millefiori-fond-bleu-cobalt\/","title":{"rendered":"65-Petit vase millefiori fond bleu cobalt"},"content":{"rendered":"<p>Petit vase en verre souffl\u00e9 \u00e0 deux anses, d\u00e9cor millefiori sur fond bleu cobalt, 15 x 8,5 cm<\/p>","protected":false},"excerpt":{"rendered":"<p>Petit vase millefiori fond bleu cobalt  <\/p>","protected":false},"featured_media":5795,"template":"","meta":{"_acf_changed":false,"inline_featured_image":false},"online_sale":[58],"product_brand":[],"product_cat":[18],"product_tag":[],"class_list":{"0":"post-6194","1":"product","2":"type-product","3":"status-publish","4":"has-post-thumbnail","6":"online_sale-juillet-2025","7":"product_cat-non-classe","9":"first","10":"instock","11":"shipping-taxable","12":"purchasable","13":"product-type-auction"},"acf":[],"_links":{"self":[{"href":"https:\/\/letempsjadisauction.com\/nl\/wp-json\/wp\/v2\/product\/6194","targetHints":{"allow":["GET"]}}],"collection":[{"href":"https:\/\/letempsjadisauction.com\/nl\/wp-json\/wp\/v2\/product"}],"about":[{"href":"https:\/\/letempsjadisauction.com\/nl\/wp-json\/wp\/v2\/types\/product"}],"wp:featuredmedia":[{"embeddable":true,"href":"https:\/\/letempsjadisauction.com\/nl\/wp-json\/wp\/v2\/media\/5795"}],"wp:attachment":[{"href":"https:\/\/letempsjadisauction.com\/nl\/wp-json\/wp\/v2\/media?parent=6194"}],"wp:term":[{"taxonomy":"online_sale","embeddable":true,"href":"https:\/\/letempsjadisauction.com\/nl\/wp-json\/wp\/v2\/online_sale?post=6194"},{"taxonomy":"product_brand","embeddable":true,"href":"https:\/\/letempsjadisauction.com\/nl\/wp-json\/wp\/v2\/product_brand?post=6194"},{"taxonomy":"product_cat","embeddable":true,"href":"https:\/\/letempsjadisauction.com\/nl\/wp-json\/wp\/v2\/product_cat?post=6194"},{"taxonomy":"product_tag","embeddable":true,"href":"https:\/\/letempsjadisauction.com\/nl\/wp-json\/wp\/v2\/product_tag?post=6194"}],"curies":[{"name":"wp","href":"https:\/\/api.w.org\/{rel}","templated":true}]}}