{"id":6196,"date":"2025-07-16T11:04:51","date_gmt":"2025-07-16T11:04:51","guid":{"rendered":"https:\/\/letempsjadisauction.com\/?post_type=product&#038;p=6196"},"modified":"2025-07-30T12:15:01","modified_gmt":"2025-07-30T12:15:01","slug":"67-bertil-vallien-vase-volcano-irise","status":"publish","type":"product","link":"https:\/\/letempsjadisauction.com\/nl\/veiling\/67-bertil-vallien-vase-volcano-irise\/","title":{"rendered":"67-Bertil Vallien \u2013 Vase Volcano iris\u00e9"},"content":{"rendered":"<p>Bertil Vallien (1938-), Kosta Boda, petit vase en verre souffl\u00e9 \u00e0 panse bulbeuse et col \u00e9troit, \u00e0 d\u00e9cor iris\u00e9 aux reflets m\u00e9talliques bleut\u00e9s, verts et dor\u00e9s, issu de la s\u00e9rie Volcano, sign\u00e9 au revers, num\u00e9ro 48136,  9 x 8 x 5,5 cm<\/p>","protected":false},"excerpt":{"rendered":"<p>Bertil Vallien \u2013 Vase Volcano iris\u00e9  <\/p>","protected":false},"featured_media":5800,"template":"","meta":{"_acf_changed":false,"inline_featured_image":false},"online_sale":[58],"product_brand":[],"product_cat":[18],"product_tag":[],"class_list":{"0":"post-6196","1":"product","2":"type-product","3":"status-publish","4":"has-post-thumbnail","6":"online_sale-juillet-2025","7":"product_cat-non-classe","9":"first","10":"instock","11":"shipping-taxable","12":"purchasable","13":"product-type-auction"},"acf":[],"_links":{"self":[{"href":"https:\/\/letempsjadisauction.com\/nl\/wp-json\/wp\/v2\/product\/6196","targetHints":{"allow":["GET"]}}],"collection":[{"href":"https:\/\/letempsjadisauction.com\/nl\/wp-json\/wp\/v2\/product"}],"about":[{"href":"https:\/\/letempsjadisauction.com\/nl\/wp-json\/wp\/v2\/types\/product"}],"wp:featuredmedia":[{"embeddable":true,"href":"https:\/\/letempsjadisauction.com\/nl\/wp-json\/wp\/v2\/media\/5800"}],"wp:attachment":[{"href":"https:\/\/letempsjadisauction.com\/nl\/wp-json\/wp\/v2\/media?parent=6196"}],"wp:term":[{"taxonomy":"online_sale","embeddable":true,"href":"https:\/\/letempsjadisauction.com\/nl\/wp-json\/wp\/v2\/online_sale?post=6196"},{"taxonomy":"product_brand","embeddable":true,"href":"https:\/\/letempsjadisauction.com\/nl\/wp-json\/wp\/v2\/product_brand?post=6196"},{"taxonomy":"product_cat","embeddable":true,"href":"https:\/\/letempsjadisauction.com\/nl\/wp-json\/wp\/v2\/product_cat?post=6196"},{"taxonomy":"product_tag","embeddable":true,"href":"https:\/\/letempsjadisauction.com\/nl\/wp-json\/wp\/v2\/product_tag?post=6196"}],"curies":[{"name":"wp","href":"https:\/\/api.w.org\/{rel}","templated":true}]}}