{"id":6204,"date":"2025-07-16T11:05:07","date_gmt":"2025-07-16T11:05:07","guid":{"rendered":"https:\/\/letempsjadisauction.com\/?post_type=product&#038;p=6204"},"modified":"2025-07-27T14:42:59","modified_gmt":"2025-07-27T14:42:59","slug":"75-murano-vase-transparent-a-bulles","status":"publish","type":"product","link":"https:\/\/letempsjadisauction.com\/nl\/veiling\/75-murano-vase-transparent-a-bulles\/","title":{"rendered":"75-Murano ? \u2013 Vase transparent \u00e0 bulles"},"content":{"rendered":"<p>Murano ?,  vase boule en verre souffl\u00e9 transparent \u00e0 d\u00e9cor de bulles, 17 x 11 cm<\/p>","protected":false},"excerpt":{"rendered":"<p>Murano ? \u2013 Vase transparent \u00e0 bulles  <\/p>","protected":false},"featured_media":5808,"template":"","meta":{"_acf_changed":false,"inline_featured_image":false},"online_sale":[58],"product_brand":[],"product_cat":[18],"product_tag":[],"class_list":{"0":"post-6204","1":"product","2":"type-product","3":"status-publish","4":"has-post-thumbnail","6":"online_sale-juillet-2025","7":"product_cat-non-classe","9":"first","10":"instock","11":"shipping-taxable","12":"purchasable","13":"product-type-auction"},"acf":[],"_links":{"self":[{"href":"https:\/\/letempsjadisauction.com\/nl\/wp-json\/wp\/v2\/product\/6204","targetHints":{"allow":["GET"]}}],"collection":[{"href":"https:\/\/letempsjadisauction.com\/nl\/wp-json\/wp\/v2\/product"}],"about":[{"href":"https:\/\/letempsjadisauction.com\/nl\/wp-json\/wp\/v2\/types\/product"}],"wp:featuredmedia":[{"embeddable":true,"href":"https:\/\/letempsjadisauction.com\/nl\/wp-json\/wp\/v2\/media\/5808"}],"wp:attachment":[{"href":"https:\/\/letempsjadisauction.com\/nl\/wp-json\/wp\/v2\/media?parent=6204"}],"wp:term":[{"taxonomy":"online_sale","embeddable":true,"href":"https:\/\/letempsjadisauction.com\/nl\/wp-json\/wp\/v2\/online_sale?post=6204"},{"taxonomy":"product_brand","embeddable":true,"href":"https:\/\/letempsjadisauction.com\/nl\/wp-json\/wp\/v2\/product_brand?post=6204"},{"taxonomy":"product_cat","embeddable":true,"href":"https:\/\/letempsjadisauction.com\/nl\/wp-json\/wp\/v2\/product_cat?post=6204"},{"taxonomy":"product_tag","embeddable":true,"href":"https:\/\/letempsjadisauction.com\/nl\/wp-json\/wp\/v2\/product_tag?post=6204"}],"curies":[{"name":"wp","href":"https:\/\/api.w.org\/{rel}","templated":true}]}}