{"id":6206,"date":"2025-07-16T11:04:53","date_gmt":"2025-07-16T11:04:53","guid":{"rendered":"https:\/\/letempsjadisauction.com\/?post_type=product&#038;p=6206"},"modified":"2025-07-30T13:21:05","modified_gmt":"2025-07-30T13:21:05","slug":"77-val-st-lambert-luxval-vase-coqueret-jaune","status":"publish","type":"product","link":"https:\/\/letempsjadisauction.com\/nl\/veiling\/77-val-st-lambert-luxval-vase-coqueret-jaune\/","title":{"rendered":"77-Val St Lambert \/ Luxval \u2013 Vase Coqueret jaune"},"content":{"rendered":"<p>Val-Saint-Lambert\/Luxval, vase boule en verre moul\u00e9-press\u00e9 jaune translucide, mod\u00e8le Coqueret, conception de Charles Graffart et Ren\u00e9 Delvenne pour le catalogue Luxval de 1935, 22 x 14 cm<\/p>","protected":false},"excerpt":{"rendered":"<p>Val St Lambert \/ Luxval \u2013 Vase Coqueret jaune  <\/p>","protected":false},"featured_media":5810,"template":"","meta":{"_acf_changed":false,"inline_featured_image":false},"online_sale":[58],"product_brand":[],"product_cat":[18],"product_tag":[],"class_list":{"0":"post-6206","1":"product","2":"type-product","3":"status-publish","4":"has-post-thumbnail","6":"online_sale-juillet-2025","7":"product_cat-non-classe","9":"first","10":"outofstock","11":"shipping-taxable","12":"purchasable","13":"product-type-auction"},"acf":[],"_links":{"self":[{"href":"https:\/\/letempsjadisauction.com\/nl\/wp-json\/wp\/v2\/product\/6206","targetHints":{"allow":["GET"]}}],"collection":[{"href":"https:\/\/letempsjadisauction.com\/nl\/wp-json\/wp\/v2\/product"}],"about":[{"href":"https:\/\/letempsjadisauction.com\/nl\/wp-json\/wp\/v2\/types\/product"}],"wp:featuredmedia":[{"embeddable":true,"href":"https:\/\/letempsjadisauction.com\/nl\/wp-json\/wp\/v2\/media\/5810"}],"wp:attachment":[{"href":"https:\/\/letempsjadisauction.com\/nl\/wp-json\/wp\/v2\/media?parent=6206"}],"wp:term":[{"taxonomy":"online_sale","embeddable":true,"href":"https:\/\/letempsjadisauction.com\/nl\/wp-json\/wp\/v2\/online_sale?post=6206"},{"taxonomy":"product_brand","embeddable":true,"href":"https:\/\/letempsjadisauction.com\/nl\/wp-json\/wp\/v2\/product_brand?post=6206"},{"taxonomy":"product_cat","embeddable":true,"href":"https:\/\/letempsjadisauction.com\/nl\/wp-json\/wp\/v2\/product_cat?post=6206"},{"taxonomy":"product_tag","embeddable":true,"href":"https:\/\/letempsjadisauction.com\/nl\/wp-json\/wp\/v2\/product_tag?post=6206"}],"curies":[{"name":"wp","href":"https:\/\/api.w.org\/{rel}","templated":true}]}}