{"id":6207,"date":"2025-07-16T11:04:53","date_gmt":"2025-07-16T11:04:53","guid":{"rendered":"https:\/\/letempsjadisauction.com\/?post_type=product&#038;p=6207"},"modified":"2025-07-16T11:04:53","modified_gmt":"2025-07-16T11:04:53","slug":"78-val-st-lambert-vase-chevrons-brun-or","status":"publish","type":"product","link":"https:\/\/letempsjadisauction.com\/nl\/veiling\/78-val-st-lambert-vase-chevrons-brun-or\/","title":{"rendered":"78-Val St Lambert \u2013 Vase chevrons brun or"},"content":{"rendered":"<p>Val-Saint-Lambert, Victor de Winner, vase ovo\u00efde en verre d\u00e9poli, \u00e0 d\u00e9cor g\u00e9om\u00e9trique formant des chevrons en d\u00e9grad\u00e9 de brun et or, sign\u00e9 V De Winner, 25 x 18 cm<\/p>","protected":false},"excerpt":{"rendered":"<p>Val St Lambert \u2013 Vase chevrons brun or  <\/p>","protected":false},"featured_media":5811,"template":"","meta":{"_acf_changed":false,"inline_featured_image":false},"online_sale":[58],"product_brand":[],"product_cat":[18],"product_tag":[],"class_list":{"0":"post-6207","1":"product","2":"type-product","3":"status-publish","4":"has-post-thumbnail","6":"online_sale-juillet-2025","7":"product_cat-non-classe","9":"first","10":"instock","11":"shipping-taxable","12":"purchasable","13":"product-type-auction"},"acf":[],"_links":{"self":[{"href":"https:\/\/letempsjadisauction.com\/nl\/wp-json\/wp\/v2\/product\/6207","targetHints":{"allow":["GET"]}}],"collection":[{"href":"https:\/\/letempsjadisauction.com\/nl\/wp-json\/wp\/v2\/product"}],"about":[{"href":"https:\/\/letempsjadisauction.com\/nl\/wp-json\/wp\/v2\/types\/product"}],"wp:featuredmedia":[{"embeddable":true,"href":"https:\/\/letempsjadisauction.com\/nl\/wp-json\/wp\/v2\/media\/5811"}],"wp:attachment":[{"href":"https:\/\/letempsjadisauction.com\/nl\/wp-json\/wp\/v2\/media?parent=6207"}],"wp:term":[{"taxonomy":"online_sale","embeddable":true,"href":"https:\/\/letempsjadisauction.com\/nl\/wp-json\/wp\/v2\/online_sale?post=6207"},{"taxonomy":"product_brand","embeddable":true,"href":"https:\/\/letempsjadisauction.com\/nl\/wp-json\/wp\/v2\/product_brand?post=6207"},{"taxonomy":"product_cat","embeddable":true,"href":"https:\/\/letempsjadisauction.com\/nl\/wp-json\/wp\/v2\/product_cat?post=6207"},{"taxonomy":"product_tag","embeddable":true,"href":"https:\/\/letempsjadisauction.com\/nl\/wp-json\/wp\/v2\/product_tag?post=6207"}],"curies":[{"name":"wp","href":"https:\/\/api.w.org\/{rel}","templated":true}]}}