{"id":6208,"date":"2025-07-16T11:04:53","date_gmt":"2025-07-16T11:04:53","guid":{"rendered":"https:\/\/letempsjadisauction.com\/?post_type=product&#038;p=6208"},"modified":"2025-07-16T11:04:53","modified_gmt":"2025-07-16T11:04:53","slug":"79-royal-doulton-vase-gres-cloisonne","status":"publish","type":"product","link":"https:\/\/letempsjadisauction.com\/nl\/veiling\/79-royal-doulton-vase-gres-cloisonne\/","title":{"rendered":"79-Royal Doulton \u2013 Vase gr\u00e8s cloisonn\u00e9"},"content":{"rendered":"<p>Vase en gr\u00e8s \u00e9maill\u00e9 \u00e0 col vert et d\u00e9cor cloisonn\u00e9 stylis\u00e9 en cama\u00efeu de violet, beige et vert olive, style art nouveau, signature au cachet LB Royal Doulton, 33 x 13 cm<\/p>","protected":false},"excerpt":{"rendered":"<p>Royal Doulton \u2013 Vase gr\u00e8s cloisonn\u00e9  <\/p>","protected":false},"featured_media":5814,"template":"","meta":{"_acf_changed":false,"inline_featured_image":false},"online_sale":[58],"product_brand":[],"product_cat":[18],"product_tag":[],"class_list":{"0":"post-6208","1":"product","2":"type-product","3":"status-publish","4":"has-post-thumbnail","6":"online_sale-juillet-2025","7":"product_cat-non-classe","9":"first","10":"instock","11":"shipping-taxable","12":"purchasable","13":"product-type-auction"},"acf":[],"_links":{"self":[{"href":"https:\/\/letempsjadisauction.com\/nl\/wp-json\/wp\/v2\/product\/6208","targetHints":{"allow":["GET"]}}],"collection":[{"href":"https:\/\/letempsjadisauction.com\/nl\/wp-json\/wp\/v2\/product"}],"about":[{"href":"https:\/\/letempsjadisauction.com\/nl\/wp-json\/wp\/v2\/types\/product"}],"wp:featuredmedia":[{"embeddable":true,"href":"https:\/\/letempsjadisauction.com\/nl\/wp-json\/wp\/v2\/media\/5814"}],"wp:attachment":[{"href":"https:\/\/letempsjadisauction.com\/nl\/wp-json\/wp\/v2\/media?parent=6208"}],"wp:term":[{"taxonomy":"online_sale","embeddable":true,"href":"https:\/\/letempsjadisauction.com\/nl\/wp-json\/wp\/v2\/online_sale?post=6208"},{"taxonomy":"product_brand","embeddable":true,"href":"https:\/\/letempsjadisauction.com\/nl\/wp-json\/wp\/v2\/product_brand?post=6208"},{"taxonomy":"product_cat","embeddable":true,"href":"https:\/\/letempsjadisauction.com\/nl\/wp-json\/wp\/v2\/product_cat?post=6208"},{"taxonomy":"product_tag","embeddable":true,"href":"https:\/\/letempsjadisauction.com\/nl\/wp-json\/wp\/v2\/product_tag?post=6208"}],"curies":[{"name":"wp","href":"https:\/\/api.w.org\/{rel}","templated":true}]}}