{"id":6209,"date":"2025-07-16T11:04:52","date_gmt":"2025-07-16T11:04:52","guid":{"rendered":"https:\/\/letempsjadisauction.com\/?post_type=product&#038;p=6209"},"modified":"2025-07-16T11:04:53","modified_gmt":"2025-07-16T11:04:53","slug":"80-bertil-vallien-vase-tornado-baguettes-fondues","status":"publish","type":"product","link":"https:\/\/letempsjadisauction.com\/nl\/veiling\/80-bertil-vallien-vase-tornado-baguettes-fondues\/","title":{"rendered":"80-Bertil Vallien \u2013 Vase Tornado baguettes fondues"},"content":{"rendered":"<p>Bertil Vallien (1938-), Kosta Boda, petit vase en verre iris\u00e9 \u00e0 d\u00e9cor de baguettes multicolores fondues, issu de la s\u00e9rie Tornado sign\u00e9 et num\u00e9rot\u00e9 48281, 28 x 12 cm<\/p>","protected":false},"excerpt":{"rendered":"<p>Bertil Vallien \u2013 Vase Tornado baguettes fondues  <\/p>","protected":false},"featured_media":5816,"template":"","meta":{"_acf_changed":false,"inline_featured_image":false},"online_sale":[58],"product_brand":[],"product_cat":[18],"product_tag":[],"class_list":{"0":"post-6209","1":"product","2":"type-product","3":"status-publish","4":"has-post-thumbnail","6":"online_sale-juillet-2025","7":"product_cat-non-classe","9":"first","10":"instock","11":"shipping-taxable","12":"purchasable","13":"product-type-auction"},"acf":[],"_links":{"self":[{"href":"https:\/\/letempsjadisauction.com\/nl\/wp-json\/wp\/v2\/product\/6209","targetHints":{"allow":["GET"]}}],"collection":[{"href":"https:\/\/letempsjadisauction.com\/nl\/wp-json\/wp\/v2\/product"}],"about":[{"href":"https:\/\/letempsjadisauction.com\/nl\/wp-json\/wp\/v2\/types\/product"}],"wp:featuredmedia":[{"embeddable":true,"href":"https:\/\/letempsjadisauction.com\/nl\/wp-json\/wp\/v2\/media\/5816"}],"wp:attachment":[{"href":"https:\/\/letempsjadisauction.com\/nl\/wp-json\/wp\/v2\/media?parent=6209"}],"wp:term":[{"taxonomy":"online_sale","embeddable":true,"href":"https:\/\/letempsjadisauction.com\/nl\/wp-json\/wp\/v2\/online_sale?post=6209"},{"taxonomy":"product_brand","embeddable":true,"href":"https:\/\/letempsjadisauction.com\/nl\/wp-json\/wp\/v2\/product_brand?post=6209"},{"taxonomy":"product_cat","embeddable":true,"href":"https:\/\/letempsjadisauction.com\/nl\/wp-json\/wp\/v2\/product_cat?post=6209"},{"taxonomy":"product_tag","embeddable":true,"href":"https:\/\/letempsjadisauction.com\/nl\/wp-json\/wp\/v2\/product_tag?post=6209"}],"curies":[{"name":"wp","href":"https:\/\/api.w.org\/{rel}","templated":true}]}}