{"id":6212,"date":"2025-07-16T11:05:08","date_gmt":"2025-07-16T11:05:08","guid":{"rendered":"https:\/\/letempsjadisauction.com\/?post_type=product&#038;p=6212"},"modified":"2025-07-29T19:05:57","modified_gmt":"2025-07-29T19:05:57","slug":"83-louis-leloup-soliflore-tourbillonnant-multicolore","status":"publish","type":"product","link":"https:\/\/letempsjadisauction.com\/nl\/veiling\/83-louis-leloup-soliflore-tourbillonnant-multicolore\/","title":{"rendered":"83-Louis Leloup \u2013 Soliflore tourbillonnant multicolore"},"content":{"rendered":"<p>Louis Leloup (1929-), vase soliflore en verre souffl\u00e9 \u00e0 d\u00e9cor tourbillonnant multicolore sur fond noir iris\u00e9, dat\u00e9 2002, 30 x 10 cm<\/p>","protected":false},"excerpt":{"rendered":"<p>Louis Leloup \u2013 Soliflore tourbillonnant multicolore  <\/p>","protected":false},"featured_media":5821,"template":"","meta":{"_acf_changed":false,"inline_featured_image":false},"online_sale":[58],"product_brand":[],"product_cat":[18],"product_tag":[],"class_list":{"0":"post-6212","1":"product","2":"type-product","3":"status-publish","4":"has-post-thumbnail","6":"online_sale-juillet-2025","7":"product_cat-non-classe","9":"first","10":"instock","11":"shipping-taxable","12":"purchasable","13":"product-type-auction"},"acf":[],"_links":{"self":[{"href":"https:\/\/letempsjadisauction.com\/nl\/wp-json\/wp\/v2\/product\/6212","targetHints":{"allow":["GET"]}}],"collection":[{"href":"https:\/\/letempsjadisauction.com\/nl\/wp-json\/wp\/v2\/product"}],"about":[{"href":"https:\/\/letempsjadisauction.com\/nl\/wp-json\/wp\/v2\/types\/product"}],"wp:featuredmedia":[{"embeddable":true,"href":"https:\/\/letempsjadisauction.com\/nl\/wp-json\/wp\/v2\/media\/5821"}],"wp:attachment":[{"href":"https:\/\/letempsjadisauction.com\/nl\/wp-json\/wp\/v2\/media?parent=6212"}],"wp:term":[{"taxonomy":"online_sale","embeddable":true,"href":"https:\/\/letempsjadisauction.com\/nl\/wp-json\/wp\/v2\/online_sale?post=6212"},{"taxonomy":"product_brand","embeddable":true,"href":"https:\/\/letempsjadisauction.com\/nl\/wp-json\/wp\/v2\/product_brand?post=6212"},{"taxonomy":"product_cat","embeddable":true,"href":"https:\/\/letempsjadisauction.com\/nl\/wp-json\/wp\/v2\/product_cat?post=6212"},{"taxonomy":"product_tag","embeddable":true,"href":"https:\/\/letempsjadisauction.com\/nl\/wp-json\/wp\/v2\/product_tag?post=6212"}],"curies":[{"name":"wp","href":"https:\/\/api.w.org\/{rel}","templated":true}]}}