{"id":6214,"date":"2025-07-16T11:05:07","date_gmt":"2025-07-16T11:05:07","guid":{"rendered":"https:\/\/letempsjadisauction.com\/?post_type=product&#038;p=6214"},"modified":"2025-07-16T11:05:07","modified_gmt":"2025-07-16T11:05:07","slug":"85-studio-cristal-vase-souffle-decor-abstrait-bulles","status":"publish","type":"product","link":"https:\/\/letempsjadisauction.com\/nl\/veiling\/85-studio-cristal-vase-souffle-decor-abstrait-bulles\/","title":{"rendered":"85-Studio Cristal &#8211; Vase souffl\u00e9 d\u00e9cor abstrait bulles"},"content":{"rendered":"<p>Vase en verre souffl\u00e9 \u00e0 col resserr\u00e9, d\u00e9cor abstrait multicolore dans des tons bruns, blancs et bleus, \u00e0 inclusion de bulles, inscrit Studio Cristal, A. Collard 1995, 23 x 18 cm<\/p>","protected":false},"excerpt":{"rendered":"<p>Studio Cristal &#8211; Vase souffl\u00e9 d\u00e9cor abstrait bulles  <\/p>","protected":false},"featured_media":5825,"template":"","meta":{"_acf_changed":false,"inline_featured_image":false},"online_sale":[58],"product_brand":[],"product_cat":[18],"product_tag":[],"class_list":{"0":"post-6214","1":"product","2":"type-product","3":"status-publish","4":"has-post-thumbnail","6":"online_sale-juillet-2025","7":"product_cat-non-classe","9":"first","10":"instock","11":"shipping-taxable","12":"purchasable","13":"product-type-auction"},"acf":[],"_links":{"self":[{"href":"https:\/\/letempsjadisauction.com\/nl\/wp-json\/wp\/v2\/product\/6214","targetHints":{"allow":["GET"]}}],"collection":[{"href":"https:\/\/letempsjadisauction.com\/nl\/wp-json\/wp\/v2\/product"}],"about":[{"href":"https:\/\/letempsjadisauction.com\/nl\/wp-json\/wp\/v2\/types\/product"}],"wp:featuredmedia":[{"embeddable":true,"href":"https:\/\/letempsjadisauction.com\/nl\/wp-json\/wp\/v2\/media\/5825"}],"wp:attachment":[{"href":"https:\/\/letempsjadisauction.com\/nl\/wp-json\/wp\/v2\/media?parent=6214"}],"wp:term":[{"taxonomy":"online_sale","embeddable":true,"href":"https:\/\/letempsjadisauction.com\/nl\/wp-json\/wp\/v2\/online_sale?post=6214"},{"taxonomy":"product_brand","embeddable":true,"href":"https:\/\/letempsjadisauction.com\/nl\/wp-json\/wp\/v2\/product_brand?post=6214"},{"taxonomy":"product_cat","embeddable":true,"href":"https:\/\/letempsjadisauction.com\/nl\/wp-json\/wp\/v2\/product_cat?post=6214"},{"taxonomy":"product_tag","embeddable":true,"href":"https:\/\/letempsjadisauction.com\/nl\/wp-json\/wp\/v2\/product_tag?post=6214"}],"curies":[{"name":"wp","href":"https:\/\/api.w.org\/{rel}","templated":true}]}}