{"id":6218,"date":"2025-07-16T11:05:10","date_gmt":"2025-07-16T11:05:10","guid":{"rendered":"https:\/\/letempsjadisauction.com\/?post_type=product&#038;p=6218"},"modified":"2025-07-29T19:28:08","modified_gmt":"2025-07-29T19:28:08","slug":"89-frantisek-vizner-vase-spherique-bleu-inclusions","status":"publish","type":"product","link":"https:\/\/letempsjadisauction.com\/nl\/veiling\/89-frantisek-vizner-vase-spherique-bleu-inclusions\/","title":{"rendered":"89-Franti\u0161ek V\u00edzner \u2013 Vase sph\u00e9rique bleu inclusions"},"content":{"rendered":"<p>Franti\u0161ek V\u00edzner (1936-2011), vase sph\u00e9rique en verre souffl\u00e9 \u00e0 inclusions de filets orang\u00e9s et bulles dans une masse bleue, 18 x 18 cm <\/p>","protected":false},"excerpt":{"rendered":"<p>Franti\u0161ek V\u00edzner \u2013 Vase sph\u00e9rique bleu inclusions  <\/p>","protected":false},"featured_media":5831,"template":"","meta":{"_acf_changed":false,"inline_featured_image":false},"online_sale":[58],"product_brand":[],"product_cat":[18],"product_tag":[],"class_list":{"0":"post-6218","1":"product","2":"type-product","3":"status-publish","4":"has-post-thumbnail","6":"online_sale-juillet-2025","7":"product_cat-non-classe","9":"first","10":"instock","11":"shipping-taxable","12":"purchasable","13":"product-type-auction"},"acf":[],"_links":{"self":[{"href":"https:\/\/letempsjadisauction.com\/nl\/wp-json\/wp\/v2\/product\/6218","targetHints":{"allow":["GET"]}}],"collection":[{"href":"https:\/\/letempsjadisauction.com\/nl\/wp-json\/wp\/v2\/product"}],"about":[{"href":"https:\/\/letempsjadisauction.com\/nl\/wp-json\/wp\/v2\/types\/product"}],"wp:featuredmedia":[{"embeddable":true,"href":"https:\/\/letempsjadisauction.com\/nl\/wp-json\/wp\/v2\/media\/5831"}],"wp:attachment":[{"href":"https:\/\/letempsjadisauction.com\/nl\/wp-json\/wp\/v2\/media?parent=6218"}],"wp:term":[{"taxonomy":"online_sale","embeddable":true,"href":"https:\/\/letempsjadisauction.com\/nl\/wp-json\/wp\/v2\/online_sale?post=6218"},{"taxonomy":"product_brand","embeddable":true,"href":"https:\/\/letempsjadisauction.com\/nl\/wp-json\/wp\/v2\/product_brand?post=6218"},{"taxonomy":"product_cat","embeddable":true,"href":"https:\/\/letempsjadisauction.com\/nl\/wp-json\/wp\/v2\/product_cat?post=6218"},{"taxonomy":"product_tag","embeddable":true,"href":"https:\/\/letempsjadisauction.com\/nl\/wp-json\/wp\/v2\/product_tag?post=6218"}],"curies":[{"name":"wp","href":"https:\/\/api.w.org\/{rel}","templated":true}]}}