{"id":6227,"date":"2025-07-16T11:05:10","date_gmt":"2025-07-16T11:05:10","guid":{"rendered":"https:\/\/letempsjadisauction.com\/?post_type=product&#038;p=6227"},"modified":"2025-07-16T11:05:10","modified_gmt":"2025-07-16T11:05:10","slug":"98-murano-couple-venitien-costume-or","status":"publish","type":"product","link":"https:\/\/letempsjadisauction.com\/nl\/veiling\/98-murano-couple-venitien-costume-or\/","title":{"rendered":"98-Murano \u2013 Couple v\u00e9nitien costume or"},"content":{"rendered":"<p>Murano, paire de figurines repr\u00e9sentant un couple v\u00e9nitien en costume traditionnel, verre souffl\u00e9 bleu cobalt et transparent \u00e0 inclusion de poudre d\u2019or, 24 cm.<\/p>","protected":false},"excerpt":{"rendered":"<p>Murano \u2013 Couple v\u00e9nitien costume or  <\/p>","protected":false},"featured_media":5847,"template":"","meta":{"_acf_changed":false,"inline_featured_image":false},"online_sale":[58],"product_brand":[],"product_cat":[18],"product_tag":[],"class_list":{"0":"post-6227","1":"product","2":"type-product","3":"status-publish","4":"has-post-thumbnail","6":"online_sale-juillet-2025","7":"product_cat-non-classe","9":"first","10":"instock","11":"shipping-taxable","12":"purchasable","13":"product-type-auction"},"acf":[],"_links":{"self":[{"href":"https:\/\/letempsjadisauction.com\/nl\/wp-json\/wp\/v2\/product\/6227","targetHints":{"allow":["GET"]}}],"collection":[{"href":"https:\/\/letempsjadisauction.com\/nl\/wp-json\/wp\/v2\/product"}],"about":[{"href":"https:\/\/letempsjadisauction.com\/nl\/wp-json\/wp\/v2\/types\/product"}],"wp:featuredmedia":[{"embeddable":true,"href":"https:\/\/letempsjadisauction.com\/nl\/wp-json\/wp\/v2\/media\/5847"}],"wp:attachment":[{"href":"https:\/\/letempsjadisauction.com\/nl\/wp-json\/wp\/v2\/media?parent=6227"}],"wp:term":[{"taxonomy":"online_sale","embeddable":true,"href":"https:\/\/letempsjadisauction.com\/nl\/wp-json\/wp\/v2\/online_sale?post=6227"},{"taxonomy":"product_brand","embeddable":true,"href":"https:\/\/letempsjadisauction.com\/nl\/wp-json\/wp\/v2\/product_brand?post=6227"},{"taxonomy":"product_cat","embeddable":true,"href":"https:\/\/letempsjadisauction.com\/nl\/wp-json\/wp\/v2\/product_cat?post=6227"},{"taxonomy":"product_tag","embeddable":true,"href":"https:\/\/letempsjadisauction.com\/nl\/wp-json\/wp\/v2\/product_tag?post=6227"}],"curies":[{"name":"wp","href":"https:\/\/api.w.org\/{rel}","templated":true}]}}