{"id":6231,"date":"2025-07-16T11:05:25","date_gmt":"2025-07-16T11:05:25","guid":{"rendered":"https:\/\/letempsjadisauction.com\/?post_type=product&#038;p=6231"},"modified":"2025-07-16T11:05:25","modified_gmt":"2025-07-16T11:05:25","slug":"102-carafe-metal-argente-mappin-webb","status":"publish","type":"product","link":"https:\/\/letempsjadisauction.com\/nl\/veiling\/102-carafe-metal-argente-mappin-webb\/","title":{"rendered":"102-Carafe m\u00e9tal argent\u00e9 Mappin &#038; Webb"},"content":{"rendered":"<p>Carafe, m\u00e9tal argent\u00e9, H. 30 cmCarafe, m\u00e9tal argent\u00e9, mappin &#038; webb, princess plae, taille d\u00e9pos\u00e9e, H. 30 cm<\/p>","protected":false},"excerpt":{"rendered":"<p>Carafe m\u00e9tal argent\u00e9 Mappin &#038; Webb  <\/p>","protected":false},"featured_media":5856,"template":"","meta":{"_acf_changed":false,"inline_featured_image":false},"online_sale":[58],"product_brand":[],"product_cat":[18],"product_tag":[],"class_list":{"0":"post-6231","1":"product","2":"type-product","3":"status-publish","4":"has-post-thumbnail","6":"online_sale-juillet-2025","7":"product_cat-non-classe","9":"first","10":"instock","11":"shipping-taxable","12":"purchasable","13":"product-type-auction"},"acf":[],"_links":{"self":[{"href":"https:\/\/letempsjadisauction.com\/nl\/wp-json\/wp\/v2\/product\/6231","targetHints":{"allow":["GET"]}}],"collection":[{"href":"https:\/\/letempsjadisauction.com\/nl\/wp-json\/wp\/v2\/product"}],"about":[{"href":"https:\/\/letempsjadisauction.com\/nl\/wp-json\/wp\/v2\/types\/product"}],"wp:featuredmedia":[{"embeddable":true,"href":"https:\/\/letempsjadisauction.com\/nl\/wp-json\/wp\/v2\/media\/5856"}],"wp:attachment":[{"href":"https:\/\/letempsjadisauction.com\/nl\/wp-json\/wp\/v2\/media?parent=6231"}],"wp:term":[{"taxonomy":"online_sale","embeddable":true,"href":"https:\/\/letempsjadisauction.com\/nl\/wp-json\/wp\/v2\/online_sale?post=6231"},{"taxonomy":"product_brand","embeddable":true,"href":"https:\/\/letempsjadisauction.com\/nl\/wp-json\/wp\/v2\/product_brand?post=6231"},{"taxonomy":"product_cat","embeddable":true,"href":"https:\/\/letempsjadisauction.com\/nl\/wp-json\/wp\/v2\/product_cat?post=6231"},{"taxonomy":"product_tag","embeddable":true,"href":"https:\/\/letempsjadisauction.com\/nl\/wp-json\/wp\/v2\/product_tag?post=6231"}],"curies":[{"name":"wp","href":"https:\/\/api.w.org\/{rel}","templated":true}]}}