{"id":6244,"date":"2025-07-16T11:05:25","date_gmt":"2025-07-16T11:05:25","guid":{"rendered":"https:\/\/letempsjadisauction.com\/?post_type=product&#038;p=6244"},"modified":"2025-07-30T13:48:01","modified_gmt":"2025-07-30T13:48:01","slug":"115-dominique-alonzo-jeune-homme","status":"publish","type":"product","link":"https:\/\/letempsjadisauction.com\/nl\/veiling\/115-dominique-alonzo-jeune-homme\/","title":{"rendered":"115-Dominique Alonzo \u2013 Jeune homme"},"content":{"rendered":"<p>Dominique Alonzo (act.1910-1930), statuette repr\u00e9sentant un jeune homme, 18 x 6,5, sign\u00e9e \u201cAlonzo\u201d. Mod\u00e8le reprise sous le titre Gipsy dans le livre de r\u00e9f\u00e9rence de Bryan Catley, Art Deco and other figures, 1978.<\/p>","protected":false},"excerpt":{"rendered":"<p>Dominique Alonzo \u2013 Jeune homme<\/p>","protected":false},"featured_media":5887,"template":"","meta":{"_acf_changed":false,"inline_featured_image":false},"online_sale":[58],"product_brand":[],"product_cat":[18],"product_tag":[],"class_list":{"0":"post-6244","1":"product","2":"type-product","3":"status-publish","4":"has-post-thumbnail","6":"online_sale-juillet-2025","7":"product_cat-non-classe","9":"first","10":"instock","11":"shipping-taxable","12":"purchasable","13":"product-type-auction"},"acf":[],"_links":{"self":[{"href":"https:\/\/letempsjadisauction.com\/nl\/wp-json\/wp\/v2\/product\/6244","targetHints":{"allow":["GET"]}}],"collection":[{"href":"https:\/\/letempsjadisauction.com\/nl\/wp-json\/wp\/v2\/product"}],"about":[{"href":"https:\/\/letempsjadisauction.com\/nl\/wp-json\/wp\/v2\/types\/product"}],"wp:featuredmedia":[{"embeddable":true,"href":"https:\/\/letempsjadisauction.com\/nl\/wp-json\/wp\/v2\/media\/5887"}],"wp:attachment":[{"href":"https:\/\/letempsjadisauction.com\/nl\/wp-json\/wp\/v2\/media?parent=6244"}],"wp:term":[{"taxonomy":"online_sale","embeddable":true,"href":"https:\/\/letempsjadisauction.com\/nl\/wp-json\/wp\/v2\/online_sale?post=6244"},{"taxonomy":"product_brand","embeddable":true,"href":"https:\/\/letempsjadisauction.com\/nl\/wp-json\/wp\/v2\/product_brand?post=6244"},{"taxonomy":"product_cat","embeddable":true,"href":"https:\/\/letempsjadisauction.com\/nl\/wp-json\/wp\/v2\/product_cat?post=6244"},{"taxonomy":"product_tag","embeddable":true,"href":"https:\/\/letempsjadisauction.com\/nl\/wp-json\/wp\/v2\/product_tag?post=6244"}],"curies":[{"name":"wp","href":"https:\/\/api.w.org\/{rel}","templated":true}]}}