{"id":6248,"date":"2025-07-16T11:05:27","date_gmt":"2025-07-16T11:05:27","guid":{"rendered":"https:\/\/letempsjadisauction.com\/?post_type=product&#038;p=6248"},"modified":"2025-07-16T11:05:27","modified_gmt":"2025-07-16T11:05:27","slug":"119-claude-haumont-labo-i","status":"publish","type":"product","link":"https:\/\/letempsjadisauction.com\/nl\/veiling\/119-claude-haumont-labo-i\/","title":{"rendered":"119-Claude Haumont \u2013 Labo I"},"content":{"rendered":"<p>Claude Haumont (1936-),  Labo I, encre de Chine, dat\u00e9 1965, 25 x 16,5 cm, 50,5 x 70 ,5 cm avec cadre, sign\u00e9 en bas \u00e0 droite. \u00c9tiquette \u00e0 l&rsquo;arri\u00e8re<\/p>","protected":false},"excerpt":{"rendered":"<p>Claude Haumont \u2013 Labo I  <\/p>","protected":false},"featured_media":5908,"template":"","meta":{"_acf_changed":false,"inline_featured_image":false},"online_sale":[58],"product_brand":[],"product_cat":[18],"product_tag":[],"class_list":{"0":"post-6248","1":"product","2":"type-product","3":"status-publish","4":"has-post-thumbnail","6":"online_sale-juillet-2025","7":"product_cat-non-classe","9":"first","10":"instock","11":"shipping-taxable","12":"purchasable","13":"product-type-auction"},"acf":[],"_links":{"self":[{"href":"https:\/\/letempsjadisauction.com\/nl\/wp-json\/wp\/v2\/product\/6248","targetHints":{"allow":["GET"]}}],"collection":[{"href":"https:\/\/letempsjadisauction.com\/nl\/wp-json\/wp\/v2\/product"}],"about":[{"href":"https:\/\/letempsjadisauction.com\/nl\/wp-json\/wp\/v2\/types\/product"}],"wp:featuredmedia":[{"embeddable":true,"href":"https:\/\/letempsjadisauction.com\/nl\/wp-json\/wp\/v2\/media\/5908"}],"wp:attachment":[{"href":"https:\/\/letempsjadisauction.com\/nl\/wp-json\/wp\/v2\/media?parent=6248"}],"wp:term":[{"taxonomy":"online_sale","embeddable":true,"href":"https:\/\/letempsjadisauction.com\/nl\/wp-json\/wp\/v2\/online_sale?post=6248"},{"taxonomy":"product_brand","embeddable":true,"href":"https:\/\/letempsjadisauction.com\/nl\/wp-json\/wp\/v2\/product_brand?post=6248"},{"taxonomy":"product_cat","embeddable":true,"href":"https:\/\/letempsjadisauction.com\/nl\/wp-json\/wp\/v2\/product_cat?post=6248"},{"taxonomy":"product_tag","embeddable":true,"href":"https:\/\/letempsjadisauction.com\/nl\/wp-json\/wp\/v2\/product_tag?post=6248"}],"curies":[{"name":"wp","href":"https:\/\/api.w.org\/{rel}","templated":true}]}}