{"id":6249,"date":"2025-07-16T11:05:27","date_gmt":"2025-07-16T11:05:27","guid":{"rendered":"https:\/\/letempsjadisauction.com\/?post_type=product&#038;p=6249"},"modified":"2025-07-16T11:05:27","modified_gmt":"2025-07-16T11:05:27","slug":"120-toussaint-renson-retrouvaille","status":"publish","type":"product","link":"https:\/\/letempsjadisauction.com\/nl\/veiling\/120-toussaint-renson-retrouvaille\/","title":{"rendered":"120-Toussaint Renson \u2013 Retrouvaille"},"content":{"rendered":"<p>Toussaint Renson (1898-1986), Retrouvaille, huile sur panneau, 20e si\u00e8cle, 70  x 50,5 cm, 79 x 59 cm, sign\u00e9e en haut \u00e0 droite.<\/p>","protected":false},"excerpt":{"rendered":"<p>Toussaint Renson \u2013 Retrouvaille  <\/p>","protected":false},"featured_media":5912,"template":"","meta":{"_acf_changed":false,"inline_featured_image":false},"online_sale":[58],"product_brand":[],"product_cat":[18],"product_tag":[],"class_list":{"0":"post-6249","1":"product","2":"type-product","3":"status-publish","4":"has-post-thumbnail","6":"online_sale-juillet-2025","7":"product_cat-non-classe","9":"first","10":"instock","11":"shipping-taxable","12":"purchasable","13":"product-type-auction"},"acf":[],"_links":{"self":[{"href":"https:\/\/letempsjadisauction.com\/nl\/wp-json\/wp\/v2\/product\/6249","targetHints":{"allow":["GET"]}}],"collection":[{"href":"https:\/\/letempsjadisauction.com\/nl\/wp-json\/wp\/v2\/product"}],"about":[{"href":"https:\/\/letempsjadisauction.com\/nl\/wp-json\/wp\/v2\/types\/product"}],"wp:featuredmedia":[{"embeddable":true,"href":"https:\/\/letempsjadisauction.com\/nl\/wp-json\/wp\/v2\/media\/5912"}],"wp:attachment":[{"href":"https:\/\/letempsjadisauction.com\/nl\/wp-json\/wp\/v2\/media?parent=6249"}],"wp:term":[{"taxonomy":"online_sale","embeddable":true,"href":"https:\/\/letempsjadisauction.com\/nl\/wp-json\/wp\/v2\/online_sale?post=6249"},{"taxonomy":"product_brand","embeddable":true,"href":"https:\/\/letempsjadisauction.com\/nl\/wp-json\/wp\/v2\/product_brand?post=6249"},{"taxonomy":"product_cat","embeddable":true,"href":"https:\/\/letempsjadisauction.com\/nl\/wp-json\/wp\/v2\/product_cat?post=6249"},{"taxonomy":"product_tag","embeddable":true,"href":"https:\/\/letempsjadisauction.com\/nl\/wp-json\/wp\/v2\/product_tag?post=6249"}],"curies":[{"name":"wp","href":"https:\/\/api.w.org\/{rel}","templated":true}]}}