{"id":6250,"date":"2025-07-16T11:05:28","date_gmt":"2025-07-16T11:05:28","guid":{"rendered":"https:\/\/letempsjadisauction.com\/?post_type=product&#038;p=6250"},"modified":"2025-07-26T11:04:15","modified_gmt":"2025-07-26T11:04:15","slug":"121-jean-pierre-van-looy-nature-morte","status":"publish","type":"product","link":"https:\/\/letempsjadisauction.com\/nl\/veiling\/121-jean-pierre-van-looy-nature-morte\/","title":{"rendered":"121-Jean-Pierre Van Looy \u2013 Nature morte"},"content":{"rendered":"<p>Jean Pierre Van Looy (1882-1971), Nature morte, huile sur toile, 20e si\u00e8cle, Sign\u00e9 en bas \u00e0 droite. \u00c9tiquette d&rsquo;exposition \u00e0 l&rsquo;arri\u00e8re, 122 x 106 cm<\/p>","protected":false},"excerpt":{"rendered":"<p>Jean-Pierre Van Looy \u2013 Nature morte  <\/p>","protected":false},"featured_media":5917,"template":"","meta":{"_acf_changed":false,"inline_featured_image":false},"online_sale":[58],"product_brand":[],"product_cat":[18],"product_tag":[],"class_list":{"0":"post-6250","1":"product","2":"type-product","3":"status-publish","4":"has-post-thumbnail","6":"online_sale-juillet-2025","7":"product_cat-non-classe","9":"first","10":"instock","11":"shipping-taxable","12":"purchasable","13":"product-type-auction"},"acf":[],"_links":{"self":[{"href":"https:\/\/letempsjadisauction.com\/nl\/wp-json\/wp\/v2\/product\/6250","targetHints":{"allow":["GET"]}}],"collection":[{"href":"https:\/\/letempsjadisauction.com\/nl\/wp-json\/wp\/v2\/product"}],"about":[{"href":"https:\/\/letempsjadisauction.com\/nl\/wp-json\/wp\/v2\/types\/product"}],"wp:featuredmedia":[{"embeddable":true,"href":"https:\/\/letempsjadisauction.com\/nl\/wp-json\/wp\/v2\/media\/5917"}],"wp:attachment":[{"href":"https:\/\/letempsjadisauction.com\/nl\/wp-json\/wp\/v2\/media?parent=6250"}],"wp:term":[{"taxonomy":"online_sale","embeddable":true,"href":"https:\/\/letempsjadisauction.com\/nl\/wp-json\/wp\/v2\/online_sale?post=6250"},{"taxonomy":"product_brand","embeddable":true,"href":"https:\/\/letempsjadisauction.com\/nl\/wp-json\/wp\/v2\/product_brand?post=6250"},{"taxonomy":"product_cat","embeddable":true,"href":"https:\/\/letempsjadisauction.com\/nl\/wp-json\/wp\/v2\/product_cat?post=6250"},{"taxonomy":"product_tag","embeddable":true,"href":"https:\/\/letempsjadisauction.com\/nl\/wp-json\/wp\/v2\/product_tag?post=6250"}],"curies":[{"name":"wp","href":"https:\/\/api.w.org\/{rel}","templated":true}]}}